{"id":13036,"date":"2022-08-16T08:32:19","date_gmt":"2022-08-16T08:32:19","guid":{"rendered":"https:\/\/alvareza.cl\/law-firm\/"},"modified":"2023-03-07T19:00:32","modified_gmt":"2023-03-07T19:00:32","slug":"law-firm","status":"publish","type":"page","link":"https:\/\/alvareza.cl\/de\/law-firm\/","title":{"rendered":"\u00dcber uns"},"content":{"rendered":"\t\t<div data-elementor-type=\"wp-page\" data-elementor-id=\"13036\" class=\"elementor elementor-13036\">\n\t\t\t\t\t\t<section class=\"elementor-section elementor-top-section elementor-element elementor-element-90f930f elementor-section-boxed elementor-section-height-default elementor-section-height-default qodef-elementor-content-no\" data-id=\"90f930f\" data-element_type=\"section\" data-e-type=\"section\">\n\t\t\t\t\t\t<div class=\"elementor-container elementor-column-gap-extended\">\n\t\t\t\t\t<div class=\"elementor-column elementor-col-50 elementor-top-column elementor-element elementor-element-bc5dd88\" data-id=\"bc5dd88\" data-element_type=\"column\" data-e-type=\"column\">\n\t\t\t<div class=\"elementor-widget-wrap elementor-element-populated\">\n\t\t\t\t\t\t<div class=\"elementor-element elementor-element-f33c219 elementor-widget__width-initial elementor-widget elementor-widget-halstein_core_section_title\" data-id=\"f33c219\" data-element_type=\"widget\" data-e-type=\"widget\" data-widget_type=\"halstein_core_section_title.default\">\n\t\t\t\t<div class=\"elementor-widget-container\">\n\t\t\t\t\t<div class=\"qodef-shortcode qodef-m  qodef-section-title qodef-alignment--left  \">\n\t\t\t<h1 class=\"qodef-m-title\" style=\"color: #484E56;font-size: 22px;line-height: 30px\">\n\t\t\t\t\tAlvarez Abogados ist eine Anwaltskanzlei ausgerichtet auf eine umfassende Beratung ihrer Kunden in allen Bereichen des Gesellschaftsrechts zu bieten, sowohl bei den allt\u00e4glichen Gesch\u00e4ftsaktivit\u00e4ten, wie auch bei komplexeren Gesch\u00e4ften. Wir bieten eine personalisierte, dauerhafte und allumfassende Beratung und unterst\u00fctzen Sie sowohl bei lokalen und internationalen Gesch\u00e4ften.\t\t\t<\/h1>\n\t\t\t<\/div>\n\t\t\t\t<\/div>\n\t\t\t\t<\/div>\n\t\t\t\t\t<\/div>\n\t\t<\/div>\n\t\t\t\t<div class=\"elementor-column elementor-col-50 elementor-top-column elementor-element elementor-element-0e07bc2\" data-id=\"0e07bc2\" data-element_type=\"column\" data-e-type=\"column\">\n\t\t\t<div class=\"elementor-widget-wrap elementor-element-populated\">\n\t\t\t\t\t\t<div class=\"elementor-element elementor-element-655c1d5 elementor-widget elementor-widget-text-editor\" data-id=\"655c1d5\" data-element_type=\"widget\" data-e-type=\"widget\" data-widget_type=\"text-editor.default\">\n\t\t\t\t<div class=\"elementor-widget-container\">\n\t\t\t\t\t\t\t\t\t<p>Wir sind Spezialisten bei der Planung und Durchf\u00fchrung komplexer lokalen oder auch grenz\u00fcberschreitenden Fusions- und \u00dcbernahmetransaktionen, Joint Ventures und strategischen Partnerschaften, bei der Enwicklung von Projekten und Einstellungen in einer Vielzahl von Branchen und Industriebereichen.<\/p><p>Unser Team kann auf \u00fcber 20 Jahre erfolgreicher Rechtsvertregung con lokalen und internationalen Kunden der verschiedensten Branchen und Industriebereichen zur\u00fcckblicken. Als Teil der aufgel\u00f6sten Kanzlein Bofill Mir &amp; Alvarez Jana (vorher \u00c1lvarez Hinzpeter Jana) ragten wir als Corporate Team heraus. Dar\u00fcber hinaus rechnen wir mit einem breiten Netzwerk con externen Beratern, die u.a. spezialisiert sind auf Arbeits-, Ordnungs-, und Wettbewerbsrecht, sowie Rechtsstreitigkeiten und Schiedsverfahren, etc.<\/p><p>Bei AAA arbeiten Fachkr\u00e4fte, die von den renommiertesten chilenischen Rechtsfakult\u00e4ten kommen, von denen mehrere Nachdiplomstudien ausl\u00e4ndischer Universit\u00e4ten besitzen und an wichtigen ausl\u00e4ndischen Anwaltskanzleien Erfahrung gesammelt haben. Verschiedene Mitglieder unserer Kanzlei sind auch im akademischen Bereich aktiv und erteilen Unterricht und halten Vorlesungen mit besonderer Betonung auf Rechtswissenschaft, und sind auch an verschiedenen juristischen beteiligt.<\/p>\t\t\t\t\t\t\t\t<\/div>\n\t\t\t\t<\/div>\n\t\t\t\t\t<\/div>\n\t\t<\/div>\n\t\t\t\t\t<\/div>\n\t\t<\/section>\n\t\t\t\t<section class=\"elementor-section elementor-top-section elementor-element elementor-element-f089c3b elementor-section-full_width elementor-section-height-default elementor-section-height-default qodef-elementor-content-no\" data-id=\"f089c3b\" data-element_type=\"section\" data-e-type=\"section\">\n\t\t\t\t\t\t<div class=\"elementor-container elementor-column-gap-default\">\n\t\t\t\t\t<div class=\"elementor-column elementor-col-50 elementor-top-column elementor-element elementor-element-7f1cdf6\" data-id=\"7f1cdf6\" data-element_type=\"column\" data-e-type=\"column\" data-settings=\"{&quot;background_background&quot;:&quot;classic&quot;}\">\n\t\t\t<div class=\"elementor-widget-wrap elementor-element-populated\">\n\t\t\t\t\t\t<div class=\"elementor-element elementor-element-568c3b7 elementor-widget elementor-widget-halstein_core_section_title\" data-id=\"568c3b7\" data-element_type=\"widget\" data-e-type=\"widget\" data-widget_type=\"halstein_core_section_title.default\">\n\t\t\t\t<div class=\"elementor-widget-container\">\n\t\t\t\t\t<div class=\"qodef-shortcode qodef-m  qodef-section-title qodef-alignment--left  \">\n\t\t\t<h1 class=\"qodef-m-title\" style=\"color: #484E56;font-size: 13px\">\n\t\t\t\t\tANWALTSKANZLEI\t\t\t<\/h1>\n\t\t<h2 class=\"qodef-m-subtitle\" style=\"margin-top: 0px;color: #484E56\">\n\t\tFirmelkultur und Werte: Exzellenz, Engagement und Gesch\u00e4ftsvision\t<\/h2>\n\t\t<\/div>\n\t\t\t\t<\/div>\n\t\t\t\t<\/div>\n\t\t\t\t<div class=\"elementor-element elementor-element-bdb2a7e elementor-widget elementor-widget-text-editor\" data-id=\"bdb2a7e\" data-element_type=\"widget\" data-e-type=\"widget\" data-widget_type=\"text-editor.default\">\n\t\t\t\t<div class=\"elementor-widget-container\">\n\t\t\t\t\t\t\t\t\t<p>Das Hauptziel von AAA ist, unseren Kunden einen Service zu bieten, der die h\u00f6chste Qualit\u00e4t mit der besten pers\u00f6nlichen Betreuung verbindet. So k\u00f6nnen wir ihre rechtlichen Bed\u00fcrfnisse praktisch, effizient und mit einer klaren unternehmerischen Vision erf\u00fcllen.<\/p><p>Mit einem innovativen und hochgradig personalisierten Ansatz beraten wir erfolgreich unsere lokalen und ausl\u00e4ndische Kunden mit dem h\u00f6chsten Standard bei ihren unterschiedlichsten Bed\u00fcrfnissen im allt\u00e4glichen Gesch\u00e4ft, so wie auch bei komplexeren Transaktionen.<\/p><p>\u00a0<\/p>\t\t\t\t\t\t\t\t<\/div>\n\t\t\t\t<\/div>\n\t\t\t\t\t<\/div>\n\t\t<\/div>\n\t\t\t\t<div class=\"elementor-column elementor-col-50 elementor-top-column elementor-element elementor-element-0d620d3\" data-id=\"0d620d3\" data-element_type=\"column\" data-e-type=\"column\" data-settings=\"{&quot;background_background&quot;:&quot;classic&quot;}\">\n\t\t\t<div class=\"elementor-widget-wrap elementor-element-populated\">\n\t\t\t\t\t\t<div class=\"elementor-element elementor-element-098d023 elementor-widget elementor-widget-spacer\" data-id=\"098d023\" data-element_type=\"widget\" data-e-type=\"widget\" data-widget_type=\"spacer.default\">\n\t\t\t\t<div class=\"elementor-widget-container\">\n\t\t\t\t\t\t\t<div class=\"elementor-spacer\">\n\t\t\t<div class=\"elementor-spacer-inner\"><\/div>\n\t\t<\/div>\n\t\t\t\t\t\t<\/div>\n\t\t\t\t<\/div>\n\t\t\t\t\t<\/div>\n\t\t<\/div>\n\t\t\t\t\t<\/div>\n\t\t<\/section>\n\t\t\t\t<\/div>\n\t\t","protected":false},"excerpt":{"rendered":"<p>Alvarez Abogados ist eine Anwaltskanzlei ausgerichtet auf eine umfassende Beratung ihrer Kunden in allen Bereichen des Gesellschaftsrechts zu bieten, sowohl bei den allt\u00e4glichen Gesch\u00e4ftsaktivit\u00e4ten, wie auch bei komplexeren Gesch\u00e4ften. Wir bieten eine personalisierte, dauerhafte und allumfassende Beratung und unterst\u00fctzen Sie sowohl bei lokalen und internationalen Gesch\u00e4ften. Wir sind Spezialisten bei der Planung und Durchf\u00fchrung komplexer [&hellip;]<\/p>\n","protected":false},"author":1,"featured_media":0,"parent":0,"menu_order":0,"comment_status":"closed","ping_status":"closed","template":"page-full-width.php","meta":{"footnotes":"","_links_to":"","_links_to_target":""},"class_list":["post-13036","page","type-page","status-publish","hentry"],"_links":{"self":[{"href":"https:\/\/alvareza.cl\/de\/wp-json\/wp\/v2\/pages\/13036","targetHints":{"allow":["GET"]}}],"collection":[{"href":"https:\/\/alvareza.cl\/de\/wp-json\/wp\/v2\/pages"}],"about":[{"href":"https:\/\/alvareza.cl\/de\/wp-json\/wp\/v2\/types\/page"}],"author":[{"embeddable":true,"href":"https:\/\/alvareza.cl\/de\/wp-json\/wp\/v2\/users\/1"}],"replies":[{"embeddable":true,"href":"https:\/\/alvareza.cl\/de\/wp-json\/wp\/v2\/comments?post=13036"}],"version-history":[{"count":14,"href":"https:\/\/alvareza.cl\/de\/wp-json\/wp\/v2\/pages\/13036\/revisions"}],"predecessor-version":[{"id":13050,"href":"https:\/\/alvareza.cl\/de\/wp-json\/wp\/v2\/pages\/13036\/revisions\/13050"}],"wp:attachment":[{"href":"https:\/\/alvareza.cl\/de\/wp-json\/wp\/v2\/media?parent=13036"}],"curies":[{"name":"wp","href":"https:\/\/api.w.org\/{rel}","templated":true}]}}