{"id":13119,"date":"2022-10-06T21:16:20","date_gmt":"2022-10-06T21:16:20","guid":{"rendered":"https:\/\/alvareza.cl\/our-team\/jose-antonio-velasco\/"},"modified":"2025-04-15T22:23:06","modified_gmt":"2025-04-15T22:23:06","slug":"jose-antonio-velasco","status":"publish","type":"page","link":"https:\/\/alvareza.cl\/de\/unser-team\/jose-antonio-velasco\/","title":{"rendered":"Jos\u00e9 Antonio Velasco"},"content":{"rendered":"\t\t<div data-elementor-type=\"wp-page\" data-elementor-id=\"13119\" class=\"elementor elementor-13119\">\n\t\t\t\t\t\t<section class=\"elementor-section elementor-top-section elementor-element elementor-element-b550675 elementor-section-height-min-height elementor-section-content-middle elementor-section-boxed elementor-section-height-default elementor-section-items-middle qodef-elementor-content-no\" data-id=\"b550675\" data-element_type=\"section\" data-e-type=\"section\" data-settings=\"{&quot;background_background&quot;:&quot;classic&quot;}\">\n\t\t\t\t\t\t<div class=\"elementor-container elementor-column-gap-default\">\n\t\t\t\t\t<div class=\"elementor-column elementor-col-50 elementor-top-column elementor-element elementor-element-f96f2d9 elementor-hidden-mobile\" data-id=\"f96f2d9\" data-element_type=\"column\" data-e-type=\"column\">\n\t\t\t<div class=\"elementor-widget-wrap\">\n\t\t\t\t\t\t\t<\/div>\n\t\t<\/div>\n\t\t\t\t<div class=\"elementor-column elementor-col-50 elementor-top-column elementor-element elementor-element-faf5f5c elementor-hidden-mobile\" data-id=\"faf5f5c\" data-element_type=\"column\" data-e-type=\"column\" data-settings=\"{&quot;background_background&quot;:&quot;classic&quot;}\">\n\t\t\t<div class=\"elementor-widget-wrap elementor-element-populated\">\n\t\t\t\t\t\t<div class=\"elementor-element elementor-element-daba54f elementor-widget elementor-widget-heading\" data-id=\"daba54f\" data-element_type=\"widget\" data-e-type=\"widget\" data-widget_type=\"heading.default\">\n\t\t\t\t<div class=\"elementor-widget-container\">\n\t\t\t\t\t<h2 class=\"elementor-heading-title elementor-size-default\">Jos\u00e9 Antonio Velasco<\/h2>\t\t\t\t<\/div>\n\t\t\t\t<\/div>\n\t\t\t\t<div class=\"elementor-element elementor-element-a94f064 elementor-widget elementor-widget-heading\" data-id=\"a94f064\" data-element_type=\"widget\" data-e-type=\"widget\" data-widget_type=\"heading.default\">\n\t\t\t\t<div class=\"elementor-widget-container\">\n\t\t\t\t\t<h2 class=\"elementor-heading-title elementor-size-default\">PARTNER<\/h2>\t\t\t\t<\/div>\n\t\t\t\t<\/div>\n\t\t\t\t<div class=\"elementor-element elementor-element-73e2b2c elementor-widget elementor-widget-text-editor\" data-id=\"73e2b2c\" data-element_type=\"widget\" data-e-type=\"widget\" data-widget_type=\"text-editor.default\">\n\t\t\t\t<div class=\"elementor-widget-container\">\n\t\t\t\t\t\t\t\t\t<p><em>&#8222;Er zeichnet sich durch seine soliden Kenntnisse nicht nur der rechtlichen Aspekte, sondern auch des Gesch\u00e4fts und der Eigenheiten der Kunden aus. Sein Verst\u00e4ndnis der Dringlichkeit der Antworten, auch bei kurzfristigen Anfragen, und die zuverl\u00e4ssige und relevante Beratung, erm\u00f6glichen den Kunden, rechtzeitig die richtigen Entscheidungen zu treffen<\/em>.\u201d<\/p><h6>THE LEGAL 500<\/h6>\t\t\t\t\t\t\t\t<\/div>\n\t\t\t\t<\/div>\n\t\t\t\t\t<\/div>\n\t\t<\/div>\n\t\t\t\t\t<\/div>\n\t\t<\/section>\n\t\t\t\t<section class=\"elementor-section elementor-top-section elementor-element elementor-element-4b3246b elementor-hidden-desktop elementor-hidden-tablet elementor-section-boxed elementor-section-height-default elementor-section-height-default qodef-elementor-content-no\" data-id=\"4b3246b\" data-element_type=\"section\" data-e-type=\"section\">\n\t\t\t\t\t\t<div class=\"elementor-container elementor-column-gap-default\">\n\t\t\t\t\t<div class=\"elementor-column elementor-col-100 elementor-top-column elementor-element elementor-element-a524722\" data-id=\"a524722\" data-element_type=\"column\" data-e-type=\"column\">\n\t\t\t<div class=\"elementor-widget-wrap elementor-element-populated\">\n\t\t\t\t\t\t<div class=\"elementor-element elementor-element-62fc00c elementor-widget elementor-widget-heading\" data-id=\"62fc00c\" data-element_type=\"widget\" data-e-type=\"widget\" data-widget_type=\"heading.default\">\n\t\t\t\t<div class=\"elementor-widget-container\">\n\t\t\t\t\t<h2 class=\"elementor-heading-title elementor-size-default\">Jos\u00e9 Antonio Velasco<\/h2>\t\t\t\t<\/div>\n\t\t\t\t<\/div>\n\t\t\t\t<div class=\"elementor-element elementor-element-e450075 elementor-widget elementor-widget-heading\" data-id=\"e450075\" data-element_type=\"widget\" data-e-type=\"widget\" data-widget_type=\"heading.default\">\n\t\t\t\t<div class=\"elementor-widget-container\">\n\t\t\t\t\t<h2 class=\"elementor-heading-title elementor-size-default\">PARTNER<\/h2>\t\t\t\t<\/div>\n\t\t\t\t<\/div>\n\t\t\t\t<div class=\"elementor-element elementor-element-fd33079 elementor-widget elementor-widget-text-editor\" data-id=\"fd33079\" data-element_type=\"widget\" data-e-type=\"widget\" data-widget_type=\"text-editor.default\">\n\t\t\t\t<div class=\"elementor-widget-container\">\n\t\t\t\t\t\t\t\t\t<p><em>&#8222;Er zeichnet sich durch seine soliden Kenntnisse nicht nur der rechtlichen Aspekte, sondern auch des Gesch\u00e4fts und der Eigenheiten der Kunden aus. Sein Verst\u00e4ndnis der Dringlichkeit der Antworten, auch bei kurzfristigen Anfragen, und die zuverl\u00e4ssige und relevante Beratung, erm\u00f6glichen den Kunden, rechtzeitig die richtigen Entscheidungen zu treffen<\/em>.\u201d<\/p><h6><span style=\"color: #999999;\">THE LEGAL 500<\/span><\/h6>\t\t\t\t\t\t\t\t<\/div>\n\t\t\t\t<\/div>\n\t\t\t\t<div class=\"elementor-element elementor-element-f28cb3f elementor-widget-divider--view-line elementor-widget elementor-widget-divider\" data-id=\"f28cb3f\" data-element_type=\"widget\" data-e-type=\"widget\" data-widget_type=\"divider.default\">\n\t\t\t\t<div class=\"elementor-widget-container\">\n\t\t\t\t\t\t\t<div class=\"elementor-divider\">\n\t\t\t<span class=\"elementor-divider-separator\">\n\t\t\t\t\t\t<\/span>\n\t\t<\/div>\n\t\t\t\t\t\t<\/div>\n\t\t\t\t<\/div>\n\t\t\t\t\t<\/div>\n\t\t<\/div>\n\t\t\t\t\t<\/div>\n\t\t<\/section>\n\t\t\t\t<section class=\"elementor-section elementor-top-section elementor-element elementor-element-93fb2d8 elementor-section-boxed elementor-section-height-default elementor-section-height-default qodef-elementor-content-no\" data-id=\"93fb2d8\" data-element_type=\"section\" data-e-type=\"section\">\n\t\t\t\t\t\t<div class=\"elementor-container elementor-column-gap-extended\">\n\t\t\t\t\t<div class=\"elementor-column elementor-col-33 elementor-top-column elementor-element elementor-element-928eeca\" data-id=\"928eeca\" data-element_type=\"column\" data-e-type=\"column\">\n\t\t\t<div class=\"elementor-widget-wrap elementor-element-populated\">\n\t\t\t\t\t\t<div class=\"elementor-element elementor-element-b0ddb7f elementor-icon-list--layout-traditional elementor-list-item-link-full_width elementor-widget elementor-widget-icon-list\" data-id=\"b0ddb7f\" data-element_type=\"widget\" data-e-type=\"widget\" data-widget_type=\"icon-list.default\">\n\t\t\t\t<div class=\"elementor-widget-container\">\n\t\t\t\t\t\t\t<ul class=\"elementor-icon-list-items\">\n\t\t\t\t\t\t\t<li class=\"elementor-icon-list-item\">\n\t\t\t\t\t\t\t\t\t\t\t<a href=\"mailto:jvelasco@alvareza.cl\" target=\"_blank\">\n\n\t\t\t\t\t\t\t\t\t\t\t\t<span class=\"elementor-icon-list-icon\">\n\t\t\t\t\t\t\t<i aria-hidden=\"true\" class=\"far fa-envelope\"><\/i>\t\t\t\t\t\t<\/span>\n\t\t\t\t\t\t\t\t\t\t<span class=\"elementor-icon-list-text\">jvelasco@alvareza.cl<\/span>\n\t\t\t\t\t\t\t\t\t\t\t<\/a>\n\t\t\t\t\t\t\t\t\t<\/li>\n\t\t\t\t\t\t\t\t<li class=\"elementor-icon-list-item\">\n\t\t\t\t\t\t\t\t\t\t\t<a href=\"tel:+56227577861\" target=\"_blank\">\n\n\t\t\t\t\t\t\t\t\t\t\t\t<span class=\"elementor-icon-list-icon\">\n\t\t\t\t\t\t\t<i aria-hidden=\"true\" class=\"fas fa-phone-alt\"><\/i>\t\t\t\t\t\t<\/span>\n\t\t\t\t\t\t\t\t\t\t<span class=\"elementor-icon-list-text\">+56 227 577 861<\/span>\n\t\t\t\t\t\t\t\t\t\t\t<\/a>\n\t\t\t\t\t\t\t\t\t<\/li>\n\t\t\t\t\t\t\t\t<li class=\"elementor-icon-list-item\">\n\t\t\t\t\t\t\t\t\t\t\t<a href=\"https:\/\/www.linkedin.com\/in\/jos%C3%A9-antonio-velasco-alessandri-00482922\/\" target=\"_blank\">\n\n\t\t\t\t\t\t\t\t\t\t\t\t<span class=\"elementor-icon-list-icon\">\n\t\t\t\t\t\t\t<i aria-hidden=\"true\" class=\"fab fa-linkedin\"><\/i>\t\t\t\t\t\t<\/span>\n\t\t\t\t\t\t\t\t\t\t<span class=\"elementor-icon-list-text\">LinkedIn<\/span>\n\t\t\t\t\t\t\t\t\t\t\t<\/a>\n\t\t\t\t\t\t\t\t\t<\/li>\n\t\t\t\t\t\t\t\t<li class=\"elementor-icon-list-item\">\n\t\t\t\t\t\t\t\t\t\t\t<a href=\"https:\/\/alvareza.cl\/firmas\/Jose%20Antonio%20Velasco%20A.vcf\" target=\"_blank\">\n\n\t\t\t\t\t\t\t\t\t\t\t\t<span class=\"elementor-icon-list-icon\">\n\t\t\t\t\t\t\t<i aria-hidden=\"true\" class=\"far fa-address-card\"><\/i>\t\t\t\t\t\t<\/span>\n\t\t\t\t\t\t\t\t\t\t<span class=\"elementor-icon-list-text\">VCard<\/span>\n\t\t\t\t\t\t\t\t\t\t\t<\/a>\n\t\t\t\t\t\t\t\t\t<\/li>\n\t\t\t\t\t\t<\/ul>\n\t\t\t\t\t\t<\/div>\n\t\t\t\t<\/div>\n\t\t\t\t<div class=\"elementor-element elementor-element-e91c347 elementor-widget-divider--view-line elementor-widget elementor-widget-divider\" data-id=\"e91c347\" data-element_type=\"widget\" data-e-type=\"widget\" data-widget_type=\"divider.default\">\n\t\t\t\t<div class=\"elementor-widget-container\">\n\t\t\t\t\t\t\t<div class=\"elementor-divider\">\n\t\t\t<span class=\"elementor-divider-separator\">\n\t\t\t\t\t\t<\/span>\n\t\t<\/div>\n\t\t\t\t\t\t<\/div>\n\t\t\t\t<\/div>\n\t\t\t\t<div class=\"elementor-element elementor-element-e61c7c5 elementor-hidden-mobile elementor-widget elementor-widget-qi_addons_for_elementor_button\" data-id=\"e61c7c5\" data-element_type=\"widget\" data-e-type=\"widget\" data-widget_type=\"qi_addons_for_elementor_button.default\">\n\t\t\t\t<div class=\"elementor-widget-container\">\n\t\t\t\t\t<a class=\"qodef-shortcode qodef-m qodef-qi-button qodef-html--link qodef-layout--textual qodef-icon--right qodef-hover--icon-move-horizontal-short\" href=\"https:\/\/alvareza.cl\/de\/unser-team\/\" target=\"_self\">\n\t<span class=\"qodef-m-text\">&lt; Zur\u00fcck zur Mannschaft<\/span>\n\t<\/a>\n\t\t\t\t<\/div>\n\t\t\t\t<\/div>\n\t\t\t\t\t<\/div>\n\t\t<\/div>\n\t\t\t\t<div class=\"elementor-column elementor-col-66 elementor-top-column elementor-element elementor-element-ef1f795\" data-id=\"ef1f795\" data-element_type=\"column\" data-e-type=\"column\">\n\t\t\t<div class=\"elementor-widget-wrap elementor-element-populated\">\n\t\t\t\t\t\t<div class=\"elementor-element elementor-element-e80e1a3 elementor-widget elementor-widget-text-editor\" data-id=\"e80e1a3\" data-element_type=\"widget\" data-e-type=\"widget\" data-widget_type=\"text-editor.default\">\n\t\t\t\t<div class=\"elementor-widget-container\">\n\t\t\t\t\t\t\t\t\t<p style=\"text-align: justify; background: white; vertical-align: baseline; margin: 11.25pt 0cm 11.25pt 0cm;\"><span lang=\"EN-US\" style=\"font-size: 10.5pt; font-family: Barlow; color: #484e56; letter-spacing: .4pt;\">Jos\u00e9 Antonio Velasco Alessandri verf\u00fcgt \u00fcber umfangreiche Erfahrung in Fusionen und \u00dcbernahmen, Bankwesen und Finanzen, Bauwesen, Infrastruktur und Immobilien, Wasser und Energie sowie in nationalen und internationalen Vertr\u00e4gen in einer breiten Palette von Branchen.<\/span><\/p>\n<p style=\"text-align: justify; background: white; vertical-align: baseline; margin: 11.25pt 0cm 11.25pt 0cm;\"><span lang=\"EN-US\" style=\"font-size: 10.5pt; font-family: Barlow; color: #484e56; letter-spacing: .4pt;\">Er ist Absolvent der Universidad de Chile (2001) der LL.M. der Pritzker School of Law (Chicago, 2013), und verf\u00fcgt \u00fcber ein Zertifikat in Betriebswirtschaftslehre der Kellogg School of Management der Northwestern University (Chicago, 2013).<\/span><\/p>\n<p style=\"text-align: justify; background: white; vertical-align: baseline; margin: 11.25pt 0cm 11.25pt 0cm;\"><span lang=\"EN-US\" style=\"font-size: 10.5pt; font-family: Barlow; color: #484e56; letter-spacing: .4pt;\">Jos\u00e9 Antonio hat zuvor als internationaler Partner in den B\u00fcros von Latham &amp; Watkins LLP in Chicago und New York gearbeitet und war in Transaktionen im Bereich Fusionen und \u00dcbernahmen, Finanzierung und Kapitalm\u00e4rkte t\u00e4tig.<\/span><\/p>\n<p data-pm-slice=\"1 1 []\">Zu seiner herausragenden Beratungst\u00e4tigkeit z\u00e4hlen der Verkauf von Teknica und Enersafe an Legrand, der Vertrag mit Kalpataru Power \u00fcber die Planung, Lieferung und den Bau der \u00dcbertragungsleitung Kimal\u2013Lo Aguirre mit dem Konsortium Conexi\u00f3n (ISA, Transelec und China Southern Grid), die Strukturierung des Joint Development Agreements zwischen Oceanus und EDF zum Bau eines Entsalzungs- und Energieerzeugungsprojekts, der Verkauf von Uno Salud an Linzor Capital, die Fusion von Surlat (Emmi) mit Quillayes, der Verkauf der lokalen Tochtergesellschaften von Stericycle an Veolia f\u00fcr 30,7 Mio. USD, das Offtake Agreement und die dazugeh\u00f6rigen Garantien zwischen Mitsui und Pampa Camarones (Miner\u00eda Activa), die \u00dcbernahme der Fitnessstudiokette der O2-Gruppe durch Patria Investments f\u00fcr 35 Mio. USD sowie das Joint Venture zwischen Mitsui Bussan Woodchip und Bosques Caut\u00edn.<\/p>\n<p style=\"text-align: justify; background: white; vertical-align: baseline; margin: 11.25pt 0cm 11.25pt 0cm;\"><span lang=\"EN-US\" style=\"font-size: 10.5pt; font-family: Barlow; color: #484e56; letter-spacing: .4pt;\">Er war auch unter anderem an der Finanzierung von USD 500 Millionen f\u00fcr Energieprojekte von Pacific Hydro beteiligt, an der Finanzierungsoperation von EUR 126 Millionen von Ezentis durch Highbridge Capital Management LLC (JP Morgan Chase) sowie an der Finanzierung f\u00fcr Coro Mining Corp. durch Greenstone Capital.<\/span><\/p>\t\t\t\t\t\t\t\t<\/div>\n\t\t\t\t<\/div>\n\t\t\t\t<div class=\"elementor-element elementor-element-650a46e elementor-hidden-desktop elementor-hidden-tablet elementor-widget elementor-widget-qi_addons_for_elementor_button\" data-id=\"650a46e\" data-element_type=\"widget\" data-e-type=\"widget\" data-widget_type=\"qi_addons_for_elementor_button.default\">\n\t\t\t\t<div class=\"elementor-widget-container\">\n\t\t\t\t\t<a class=\"qodef-shortcode qodef-m qodef-qi-button qodef-html--link qodef-layout--textual qodef-icon--right qodef-hover--icon-move-horizontal-short\" href=\"https:\/\/alvareza.cl\/de\/unser-team\/\" target=\"_self\">\n\t<span class=\"qodef-m-text\">&lt; Zur\u00fcck zur Mannschaft<\/span>\n\t<\/a>\n\t\t\t\t<\/div>\n\t\t\t\t<\/div>\n\t\t\t\t\t<\/div>\n\t\t<\/div>\n\t\t\t\t\t<\/div>\n\t\t<\/section>\n\t\t\t\t<\/div>\n\t\t","protected":false},"excerpt":{"rendered":"<p>Jos\u00e9 Antonio Velasco PARTNER &#8222;Er zeichnet sich durch seine soliden Kenntnisse nicht nur der rechtlichen Aspekte, sondern auch des Gesch\u00e4fts und der Eigenheiten der Kunden aus. Sein Verst\u00e4ndnis der Dringlichkeit der Antworten, auch bei kurzfristigen Anfragen, und die zuverl\u00e4ssige und relevante Beratung, erm\u00f6glichen den Kunden, rechtzeitig die richtigen Entscheidungen zu treffen.\u201d THE LEGAL 500 Jos\u00e9 [&hellip;]<\/p>\n","protected":false},"author":1,"featured_media":0,"parent":13051,"menu_order":0,"comment_status":"closed","ping_status":"closed","template":"page-full-width.php","meta":{"footnotes":"","_links_to":"","_links_to_target":""},"class_list":["post-13119","page","type-page","status-publish","hentry"],"_links":{"self":[{"href":"https:\/\/alvareza.cl\/de\/wp-json\/wp\/v2\/pages\/13119","targetHints":{"allow":["GET"]}}],"collection":[{"href":"https:\/\/alvareza.cl\/de\/wp-json\/wp\/v2\/pages"}],"about":[{"href":"https:\/\/alvareza.cl\/de\/wp-json\/wp\/v2\/types\/page"}],"author":[{"embeddable":true,"href":"https:\/\/alvareza.cl\/de\/wp-json\/wp\/v2\/users\/1"}],"replies":[{"embeddable":true,"href":"https:\/\/alvareza.cl\/de\/wp-json\/wp\/v2\/comments?post=13119"}],"version-history":[{"count":21,"href":"https:\/\/alvareza.cl\/de\/wp-json\/wp\/v2\/pages\/13119\/revisions"}],"predecessor-version":[{"id":15097,"href":"https:\/\/alvareza.cl\/de\/wp-json\/wp\/v2\/pages\/13119\/revisions\/15097"}],"up":[{"embeddable":true,"href":"https:\/\/alvareza.cl\/de\/wp-json\/wp\/v2\/pages\/13051"}],"wp:attachment":[{"href":"https:\/\/alvareza.cl\/de\/wp-json\/wp\/v2\/media?parent=13119"}],"curies":[{"name":"wp","href":"https:\/\/api.w.org\/{rel}","templated":true}]}}