{"id":13147,"date":"2022-10-06T21:28:32","date_gmt":"2022-10-06T21:28:32","guid":{"rendered":"https:\/\/alvareza.cl\/?page_id=13147"},"modified":"2024-07-26T17:37:52","modified_gmt":"2024-07-26T17:37:52","slug":"joaquin-recart","status":"publish","type":"page","link":"https:\/\/alvareza.cl\/de\/unser-team\/joaquin-recart\/","title":{"rendered":"Joaqu\u00edn Recart"},"content":{"rendered":"\t\t<div data-elementor-type=\"wp-page\" data-elementor-id=\"13147\" class=\"elementor elementor-13147\">\n\t\t\t\t\t\t<section class=\"elementor-section elementor-top-section elementor-element elementor-element-b550675 elementor-section-height-min-height elementor-section-content-middle elementor-section-boxed elementor-section-height-default elementor-section-items-middle qodef-elementor-content-no\" data-id=\"b550675\" data-element_type=\"section\" data-e-type=\"section\" data-settings=\"{&quot;background_background&quot;:&quot;classic&quot;}\">\n\t\t\t\t\t\t<div class=\"elementor-container elementor-column-gap-default\">\n\t\t\t\t\t<div class=\"elementor-column elementor-col-50 elementor-top-column elementor-element elementor-element-f96f2d9 elementor-hidden-mobile\" data-id=\"f96f2d9\" data-element_type=\"column\" data-e-type=\"column\">\n\t\t\t<div class=\"elementor-widget-wrap\">\n\t\t\t\t\t\t\t<\/div>\n\t\t<\/div>\n\t\t\t\t<div class=\"elementor-column elementor-col-50 elementor-top-column elementor-element elementor-element-faf5f5c elementor-hidden-mobile\" data-id=\"faf5f5c\" data-element_type=\"column\" data-e-type=\"column\" data-settings=\"{&quot;background_background&quot;:&quot;classic&quot;}\">\n\t\t\t<div class=\"elementor-widget-wrap elementor-element-populated\">\n\t\t\t\t\t\t<div class=\"elementor-element elementor-element-daba54f elementor-widget elementor-widget-heading\" data-id=\"daba54f\" data-element_type=\"widget\" data-e-type=\"widget\" data-widget_type=\"heading.default\">\n\t\t\t\t<div class=\"elementor-widget-container\">\n\t\t\t\t\t<h2 class=\"elementor-heading-title elementor-size-default\">Joaqu\u00edn Recart<\/h2>\t\t\t\t<\/div>\n\t\t\t\t<\/div>\n\t\t\t\t<div class=\"elementor-element elementor-element-a94f064 elementor-widget elementor-widget-heading\" data-id=\"a94f064\" data-element_type=\"widget\" data-e-type=\"widget\" data-widget_type=\"heading.default\">\n\t\t\t\t<div class=\"elementor-widget-container\">\n\t\t\t\t\t<h2 class=\"elementor-heading-title elementor-size-default\">PARTNER<\/h2>\t\t\t\t<\/div>\n\t\t\t\t<\/div>\n\t\t\t\t<div class=\"elementor-element elementor-element-9a28897 elementor-widget elementor-widget-text-editor\" data-id=\"9a28897\" data-element_type=\"widget\" data-e-type=\"widget\" data-widget_type=\"text-editor.default\">\n\t\t\t\t<div class=\"elementor-widget-container\">\n\t\t\t\t\t\t\t\t\t<p>\u201c<em>Joaqu\u00edn Recart ist super professionell, er besitzt hohes Fachwissen und ist jederzeit verf\u00fcgbar, um uns so oft wie n\u00f6tig alles zu erkl\u00e4ren. Er zeigt auch sehr viel Geduld bei schwierigen Verhandlungen.\u201d <\/em>\u00a0<\/p><h6>THE LEGAL 500<\/h6>\t\t\t\t\t\t\t\t<\/div>\n\t\t\t\t<\/div>\n\t\t\t\t\t<\/div>\n\t\t<\/div>\n\t\t\t\t\t<\/div>\n\t\t<\/section>\n\t\t\t\t<section class=\"elementor-section elementor-top-section elementor-element elementor-element-4b3246b elementor-hidden-desktop elementor-hidden-tablet elementor-section-boxed elementor-section-height-default elementor-section-height-default qodef-elementor-content-no\" data-id=\"4b3246b\" data-element_type=\"section\" data-e-type=\"section\">\n\t\t\t\t\t\t<div class=\"elementor-container elementor-column-gap-default\">\n\t\t\t\t\t<div class=\"elementor-column elementor-col-100 elementor-top-column elementor-element elementor-element-a524722\" data-id=\"a524722\" data-element_type=\"column\" data-e-type=\"column\">\n\t\t\t<div class=\"elementor-widget-wrap elementor-element-populated\">\n\t\t\t\t\t\t<div class=\"elementor-element elementor-element-62fc00c elementor-widget elementor-widget-heading\" data-id=\"62fc00c\" data-element_type=\"widget\" data-e-type=\"widget\" data-widget_type=\"heading.default\">\n\t\t\t\t<div class=\"elementor-widget-container\">\n\t\t\t\t\t<h2 class=\"elementor-heading-title elementor-size-default\">Joaqu\u00edn Recart<\/h2>\t\t\t\t<\/div>\n\t\t\t\t<\/div>\n\t\t\t\t<div class=\"elementor-element elementor-element-e450075 elementor-widget elementor-widget-heading\" data-id=\"e450075\" data-element_type=\"widget\" data-e-type=\"widget\" data-widget_type=\"heading.default\">\n\t\t\t\t<div class=\"elementor-widget-container\">\n\t\t\t\t\t<h2 class=\"elementor-heading-title elementor-size-default\">SOCIO<\/h2>\t\t\t\t<\/div>\n\t\t\t\t<\/div>\n\t\t\t\t<div class=\"elementor-element elementor-element-fa02a52 elementor-widget elementor-widget-text-editor\" data-id=\"fa02a52\" data-element_type=\"widget\" data-e-type=\"widget\" data-widget_type=\"text-editor.default\">\n\t\t\t\t<div class=\"elementor-widget-container\">\n\t\t\t\t\t\t\t\t\t<p>\u201c<em>Joaqu\u00edn Recart ist super professionell, er besitzt hohes Fachwissen und ist jederzeit verf\u00fcgbar, um uns so oft wie n\u00f6tig alles zu erkl\u00e4ren. Er zeigt auch sehr viel Geduld bei schwierigen Verhandlungen.\u201d <\/em>\u00a0<\/p><h6><span style=\"color: #999999;\">THE LEGAL 500<\/span><\/h6>\t\t\t\t\t\t\t\t<\/div>\n\t\t\t\t<\/div>\n\t\t\t\t<div class=\"elementor-element elementor-element-f28cb3f elementor-widget-divider--view-line elementor-widget elementor-widget-divider\" data-id=\"f28cb3f\" data-element_type=\"widget\" data-e-type=\"widget\" data-widget_type=\"divider.default\">\n\t\t\t\t<div class=\"elementor-widget-container\">\n\t\t\t\t\t\t\t<div class=\"elementor-divider\">\n\t\t\t<span class=\"elementor-divider-separator\">\n\t\t\t\t\t\t<\/span>\n\t\t<\/div>\n\t\t\t\t\t\t<\/div>\n\t\t\t\t<\/div>\n\t\t\t\t\t<\/div>\n\t\t<\/div>\n\t\t\t\t\t<\/div>\n\t\t<\/section>\n\t\t\t\t<section class=\"elementor-section elementor-top-section elementor-element elementor-element-93fb2d8 elementor-section-boxed elementor-section-height-default elementor-section-height-default qodef-elementor-content-no\" data-id=\"93fb2d8\" data-element_type=\"section\" data-e-type=\"section\">\n\t\t\t\t\t\t<div class=\"elementor-container elementor-column-gap-extended\">\n\t\t\t\t\t<div class=\"elementor-column elementor-col-33 elementor-top-column elementor-element elementor-element-928eeca\" data-id=\"928eeca\" data-element_type=\"column\" data-e-type=\"column\">\n\t\t\t<div class=\"elementor-widget-wrap elementor-element-populated\">\n\t\t\t\t\t\t<div class=\"elementor-element elementor-element-3ed4f8d elementor-icon-list--layout-traditional elementor-list-item-link-full_width elementor-widget elementor-widget-icon-list\" data-id=\"3ed4f8d\" data-element_type=\"widget\" data-e-type=\"widget\" data-widget_type=\"icon-list.default\">\n\t\t\t\t<div class=\"elementor-widget-container\">\n\t\t\t\t\t\t\t<ul class=\"elementor-icon-list-items\">\n\t\t\t\t\t\t\t<li class=\"elementor-icon-list-item\">\n\t\t\t\t\t\t\t\t\t\t\t<a href=\"mailto:jrecart@alvareza.cl\" target=\"_blank\">\n\n\t\t\t\t\t\t\t\t\t\t\t\t<span class=\"elementor-icon-list-icon\">\n\t\t\t\t\t\t\t<i aria-hidden=\"true\" class=\"far fa-envelope\"><\/i>\t\t\t\t\t\t<\/span>\n\t\t\t\t\t\t\t\t\t\t<span class=\"elementor-icon-list-text\">jrecart@alvareza.cl<\/span>\n\t\t\t\t\t\t\t\t\t\t\t<\/a>\n\t\t\t\t\t\t\t\t\t<\/li>\n\t\t\t\t\t\t\t\t<li class=\"elementor-icon-list-item\">\n\t\t\t\t\t\t\t\t\t\t\t<a href=\"tel:+56227577686\" target=\"_blank\">\n\n\t\t\t\t\t\t\t\t\t\t\t\t<span class=\"elementor-icon-list-icon\">\n\t\t\t\t\t\t\t<i aria-hidden=\"true\" class=\"fas fa-phone-alt\"><\/i>\t\t\t\t\t\t<\/span>\n\t\t\t\t\t\t\t\t\t\t<span class=\"elementor-icon-list-text\">+56 227 577 686<\/span>\n\t\t\t\t\t\t\t\t\t\t\t<\/a>\n\t\t\t\t\t\t\t\t\t<\/li>\n\t\t\t\t\t\t\t\t<li class=\"elementor-icon-list-item\">\n\t\t\t\t\t\t\t\t\t\t\t<a href=\"https:\/\/www.linkedin.com\/in\/joaqu%C3%ADn-recart-52630b102\/\" target=\"_blank\">\n\n\t\t\t\t\t\t\t\t\t\t\t\t<span class=\"elementor-icon-list-icon\">\n\t\t\t\t\t\t\t<i aria-hidden=\"true\" class=\"fab fa-linkedin\"><\/i>\t\t\t\t\t\t<\/span>\n\t\t\t\t\t\t\t\t\t\t<span class=\"elementor-icon-list-text\">LinkedIn<\/span>\n\t\t\t\t\t\t\t\t\t\t\t<\/a>\n\t\t\t\t\t\t\t\t\t<\/li>\n\t\t\t\t\t\t\t\t<li class=\"elementor-icon-list-item\">\n\t\t\t\t\t\t\t\t\t\t\t<a href=\"https:\/\/alvareza.cl\/firmas\/Joaquin%20Recart%20A.vcf\" target=\"_blank\">\n\n\t\t\t\t\t\t\t\t\t\t\t\t<span class=\"elementor-icon-list-icon\">\n\t\t\t\t\t\t\t<i aria-hidden=\"true\" class=\"far fa-address-card\"><\/i>\t\t\t\t\t\t<\/span>\n\t\t\t\t\t\t\t\t\t\t<span class=\"elementor-icon-list-text\">VCard<\/span>\n\t\t\t\t\t\t\t\t\t\t\t<\/a>\n\t\t\t\t\t\t\t\t\t<\/li>\n\t\t\t\t\t\t<\/ul>\n\t\t\t\t\t\t<\/div>\n\t\t\t\t<\/div>\n\t\t\t\t<div class=\"elementor-element elementor-element-e91c347 elementor-widget-divider--view-line elementor-widget elementor-widget-divider\" data-id=\"e91c347\" data-element_type=\"widget\" data-e-type=\"widget\" data-widget_type=\"divider.default\">\n\t\t\t\t<div class=\"elementor-widget-container\">\n\t\t\t\t\t\t\t<div class=\"elementor-divider\">\n\t\t\t<span class=\"elementor-divider-separator\">\n\t\t\t\t\t\t<\/span>\n\t\t<\/div>\n\t\t\t\t\t\t<\/div>\n\t\t\t\t<\/div>\n\t\t\t\t<div class=\"elementor-element elementor-element-d3a5580 elementor-hidden-mobile elementor-widget elementor-widget-qi_addons_for_elementor_button\" data-id=\"d3a5580\" data-element_type=\"widget\" data-e-type=\"widget\" data-widget_type=\"qi_addons_for_elementor_button.default\">\n\t\t\t\t<div class=\"elementor-widget-container\">\n\t\t\t\t\t<a class=\"qodef-shortcode qodef-m qodef-qi-button qodef-html--link qodef-layout--textual qodef-icon--right qodef-hover--icon-move-horizontal-short\" href=\"https:\/\/alvareza.cl\/de\/unser-team\/\" target=\"_self\">\n\t<span class=\"qodef-m-text\">&lt; Zur\u00fcck zur Mannschaft<\/span>\n\t<\/a>\n\t\t\t\t<\/div>\n\t\t\t\t<\/div>\n\t\t\t\t\t<\/div>\n\t\t<\/div>\n\t\t\t\t<div class=\"elementor-column elementor-col-66 elementor-top-column elementor-element elementor-element-ef1f795\" data-id=\"ef1f795\" data-element_type=\"column\" data-e-type=\"column\">\n\t\t\t<div class=\"elementor-widget-wrap elementor-element-populated\">\n\t\t\t\t\t\t<div class=\"elementor-element elementor-element-e80e1a3 elementor-widget elementor-widget-text-editor\" data-id=\"e80e1a3\" data-element_type=\"widget\" data-e-type=\"widget\" data-widget_type=\"text-editor.default\">\n\t\t\t\t<div class=\"elementor-widget-container\">\n\t\t\t\t\t\t\t\t\t<p>Joaqu\u00edn Recart ber\u00e4t lokale und internationale Kunden aus verschiedenen von Branchen umfassend auf dem Gebiet des Vertrags- und Gesellschaftsrechts.<\/p><p>Dar\u00fcber hinaus ber\u00e4t er in den Bereichen Kapitalmarkt, Immobilien, Finanzierung, wie auch Fusionen und \u00dcbernahmen.<\/p><p>Er ist Rechtsanwalt der Universidad de Chile (<em>summa cum laude<\/em>, 2008), Magister in Rechtswissenschaften mit Auszeichnung in Privatrecht der Universidad de Chile (<em>summa cum laude<\/em>, 2013) und Master in Rechtswissenschaften der Columbia University (New York, 2015). Er erhielt das Fulbright-Stipendium (2013) und das Chile-Stipendium (2014).<\/p><p>Seit 2021 wird er von der renommierten Zeitschrift The Legal 500 als \u201c<em>Recommended Lawyer<\/em>\u201d f\u00fcr Gesellschaftsrecht ausgezeichnet. Ausserdem ist er Professor f\u00fcr Zivilrecht an der juristischen Fakult\u00e4t der Universidad de Chile.<\/p><p><strong>Sprachen<\/strong>: spanisch und englisch.<\/p>\t\t\t\t\t\t\t\t<\/div>\n\t\t\t\t<\/div>\n\t\t\t\t<div class=\"elementor-element elementor-element-fa93092 elementor-hidden-desktop elementor-hidden-tablet elementor-widget elementor-widget-qi_addons_for_elementor_button\" data-id=\"fa93092\" data-element_type=\"widget\" data-e-type=\"widget\" data-widget_type=\"qi_addons_for_elementor_button.default\">\n\t\t\t\t<div class=\"elementor-widget-container\">\n\t\t\t\t\t<a class=\"qodef-shortcode qodef-m qodef-qi-button qodef-html--link qodef-layout--textual qodef-icon--right qodef-hover--icon-move-horizontal-short\" href=\"https:\/\/alvareza.cl\/de\/unser-team\/\" target=\"_self\">\n\t<span class=\"qodef-m-text\">&lt; Zur\u00fcck zur Mannschaft<\/span>\n\t<\/a>\n\t\t\t\t<\/div>\n\t\t\t\t<\/div>\n\t\t\t\t\t<\/div>\n\t\t<\/div>\n\t\t\t\t\t<\/div>\n\t\t<\/section>\n\t\t\t\t<\/div>\n\t\t","protected":false},"excerpt":{"rendered":"<p>Joaqu\u00edn Recart PARTNER \u201cJoaqu\u00edn Recart ist super professionell, er besitzt hohes Fachwissen und ist jederzeit verf\u00fcgbar, um uns so oft wie n\u00f6tig alles zu erkl\u00e4ren. Er zeigt auch sehr viel Geduld bei schwierigen Verhandlungen.\u201d \u00a0 THE LEGAL 500 Joaqu\u00edn Recart SOCIO \u201cJoaqu\u00edn Recart ist super professionell, er besitzt hohes Fachwissen und ist jederzeit verf\u00fcgbar, um [&hellip;]<\/p>\n","protected":false},"author":1,"featured_media":0,"parent":13051,"menu_order":0,"comment_status":"closed","ping_status":"closed","template":"page-full-width.php","meta":{"footnotes":"","_links_to":"","_links_to_target":""},"class_list":["post-13147","page","type-page","status-publish","hentry"],"_links":{"self":[{"href":"https:\/\/alvareza.cl\/de\/wp-json\/wp\/v2\/pages\/13147","targetHints":{"allow":["GET"]}}],"collection":[{"href":"https:\/\/alvareza.cl\/de\/wp-json\/wp\/v2\/pages"}],"about":[{"href":"https:\/\/alvareza.cl\/de\/wp-json\/wp\/v2\/types\/page"}],"author":[{"embeddable":true,"href":"https:\/\/alvareza.cl\/de\/wp-json\/wp\/v2\/users\/1"}],"replies":[{"embeddable":true,"href":"https:\/\/alvareza.cl\/de\/wp-json\/wp\/v2\/comments?post=13147"}],"version-history":[{"count":13,"href":"https:\/\/alvareza.cl\/de\/wp-json\/wp\/v2\/pages\/13147\/revisions"}],"predecessor-version":[{"id":14576,"href":"https:\/\/alvareza.cl\/de\/wp-json\/wp\/v2\/pages\/13147\/revisions\/14576"}],"up":[{"embeddable":true,"href":"https:\/\/alvareza.cl\/de\/wp-json\/wp\/v2\/pages\/13051"}],"wp:attachment":[{"href":"https:\/\/alvareza.cl\/de\/wp-json\/wp\/v2\/media?parent=13147"}],"curies":[{"name":"wp","href":"https:\/\/api.w.org\/{rel}","templated":true}]}}