{"id":13363,"date":"2023-03-09T13:52:24","date_gmt":"2023-03-09T13:52:24","guid":{"rendered":"https:\/\/alvareza.cl\/?page_id=13363"},"modified":"2023-03-09T13:58:20","modified_gmt":"2023-03-09T13:58:20","slug":"freier-und-unlauterer-wettbewerb","status":"publish","type":"page","link":"https:\/\/alvareza.cl\/de\/practice-areas\/freier-und-unlauterer-wettbewerb\/","title":{"rendered":"Freier und Unlauterer Wettbewerb"},"content":{"rendered":"\t\t<div data-elementor-type=\"wp-page\" data-elementor-id=\"13363\" class=\"elementor elementor-13363\">\n\t\t\t\t\t\t<section class=\"elementor-section elementor-top-section elementor-element elementor-element-90f930f elementor-section-boxed elementor-section-height-default elementor-section-height-default qodef-elementor-content-no\" data-id=\"90f930f\" data-element_type=\"section\" data-e-type=\"section\">\n\t\t\t\t\t\t<div class=\"elementor-container elementor-column-gap-default\">\n\t\t\t\t\t<div class=\"elementor-column elementor-col-50 elementor-top-column elementor-element elementor-element-bc5dd88 elementor-hidden-mobile\" data-id=\"bc5dd88\" data-element_type=\"column\" data-e-type=\"column\">\n\t\t\t<div class=\"elementor-widget-wrap elementor-element-populated\">\n\t\t\t\t\t\t<div class=\"elementor-element elementor-element-39aa5eb eael_simple_menu_hamburger_disable_selected_menu_no eael-simple-menu-hamburger-align-right eael-hamburger--tablet elementor-widget elementor-widget-eael-simple-menu\" data-id=\"39aa5eb\" data-element_type=\"widget\" data-e-type=\"widget\" data-widget_type=\"eael-simple-menu.default\">\n\t\t\t\t<div class=\"elementor-widget-container\">\n\t\t\t\t\t<style>\n                        @media screen and (max-width: 1024px) {\n                            .eael-hamburger--tablet {\n                                .eael-simple-menu-horizontal,\n                                .eael-simple-menu-vertical {\n                                    display: none;\n                                }\n                            }\n                            .eael-hamburger--tablet {\n                                .eael-simple-menu-container .eael-simple-menu-toggle {\n                                    display: block;\n                                }\n                            }\n                        }\n                        .eael-simple-menu-container.eael-simple-menu--loading > ul {\n                            display: -webkit-box !important;\n                            display: -ms-flexbox !important;\n                            display: flex !important;\n                            list-style: none !important;\n                        }\n                        .eael-simple-menu-container.eael-simple-menu--loading li ul {\n                            visibility: hidden !important;\n                            opacity: 0 !important;\n                        }\n                    <\/style>            <div data-hamburger-icon=\"&lt;i aria-hidden=&quot;true&quot; class=&quot;fas fa-bars&quot;&gt;&lt;\/i&gt;\" data-indicator-icon=\"\" data-dropdown-indicator-icon=\"&lt;i class=&quot;fas fa-angle-down&quot;&gt;&lt;\/i&gt;\" class=\"eael-simple-menu-container eael-simple-menu--loading eael-simple-menu-align-left eael-simple-menu-dropdown-align-left preset-2\" data-hamburger-breakpoints=\"{&quot;mobile&quot;:&quot;Mobil Hochformat (&gt; 767px)&quot;,&quot;tablet&quot;:&quot;Tablet Hochformat (&gt; 1024px)&quot;,&quot;desktop&quot;:&quot;Desktop (&gt; 2400px)&quot;,&quot;none&quot;:&quot;None&quot;}\" data-hamburger-device=\"tablet\">\n                <ul id=\"menu-menu-de\" class=\"eael-simple-menu eael-simple-menu-dropdown-animate-to-top eael-simple-menu-indicator eael-simple-menu-vertical\"><li id=\"menu-item-13402\" class=\"menu-item menu-item-type-post_type menu-item-object-page menu-item-13402\"><a href=\"https:\/\/alvareza.cl\/de\/practice-areas\/arbeitsrecht\/\">Arbeitsrecht<\/a><\/li>\n<li id=\"menu-item-13403\" class=\"menu-item menu-item-type-post_type menu-item-object-page menu-item-13403\"><a href=\"https:\/\/alvareza.cl\/de\/practice-areas\/bankwesen-finanzen-und-kapitalmarkt\/\">Bankwesen, Finanzen und Kapitalmarkt<\/a><\/li>\n<li id=\"menu-item-13404\" class=\"menu-item menu-item-type-post_type menu-item-object-page menu-item-13404\"><a href=\"https:\/\/alvareza.cl\/de\/practice-areas\/bauwesen-infrastruktur-und-immobilien\/\">Bauwesen, Infrastruktur und Immobilien<\/a><\/li>\n<li id=\"menu-item-14939\" class=\"menu-item menu-item-type-post_type menu-item-object-page menu-item-14939\"><a href=\"https:\/\/alvareza.cl\/de\/practice-areas\/compliance-bereich\/\">Compliance-Bereich<\/a><\/li>\n<li id=\"menu-item-13405\" class=\"menu-item menu-item-type-post_type menu-item-object-page menu-item-13405\"><a href=\"https:\/\/alvareza.cl\/de\/practice-areas\/energie-und-natuerliche-ressourcen\/\">Energie und nat\u00fcrliche Ressourcen<\/a><\/li>\n<li id=\"menu-item-13406\" class=\"menu-item menu-item-type-post_type menu-item-object-page menu-item-13406\"><a href=\"https:\/\/alvareza.cl\/de\/practice-areas\/freier-und-unlauterer-wettbewerb\/\">Freier und Unlauterer Wettbewerb<\/a><\/li>\n<li id=\"menu-item-13407\" class=\"menu-item menu-item-type-post_type menu-item-object-page menu-item-13407\"><a href=\"https:\/\/alvareza.cl\/de\/practice-areas\/fusionen-und-uebernahmen\/\">Fusionen und \u00dcbernahmen<\/a><\/li>\n<li id=\"menu-item-13408\" class=\"menu-item menu-item-type-post_type menu-item-object-page menu-item-13408\"><a href=\"https:\/\/alvareza.cl\/de\/practice-areas\/german-desk\/\">German Desk<\/a><\/li>\n<li id=\"menu-item-13409\" class=\"menu-item menu-item-type-post_type menu-item-object-page menu-item-13409\"><a href=\"https:\/\/alvareza.cl\/de\/practice-areas\/gesellschaftsrecht\/\">Gesellschaftsrecht<\/a><\/li>\n<li id=\"menu-item-14938\" class=\"menu-item menu-item-type-post_type menu-item-object-page menu-item-14938\"><a href=\"https:\/\/alvareza.cl\/de\/practice-areas\/kartellrecht-und-wettbewerbsrecht\/\">Kartellrecht und Wettbewerbsrecht<\/a><\/li>\n<li id=\"menu-item-13410\" class=\"menu-item menu-item-type-post_type menu-item-object-page menu-item-13410\"><a href=\"https:\/\/alvareza.cl\/de\/practice-areas\/rechtsstreitigkeiten-und-schiedsverfahren\/\">Rechtsstreitigkeiten und Schiedsverfahren<\/a><\/li>\n<li id=\"menu-item-13411\" class=\"menu-item menu-item-type-post_type menu-item-object-page menu-item-13411\"><a href=\"https:\/\/alvareza.cl\/de\/practice-areas\/sanierung-und-insolvenz\/\">Sanierung und Insolvenz<\/a><\/li>\n<li id=\"menu-item-13412\" class=\"menu-item menu-item-type-post_type menu-item-object-page menu-item-13412\"><a href=\"https:\/\/alvareza.cl\/de\/practice-areas\/tributario\/\">Steuerrecht<\/a><\/li>\n<li id=\"menu-item-13413\" class=\"menu-item menu-item-type-post_type menu-item-object-page menu-item-13413\"><a href=\"https:\/\/alvareza.cl\/de\/practice-areas\/umwelt-und-ordnungsrecht\/\">Umwelt- und Ordnungsrecht<\/a><\/li>\n<\/ul>                <button class=\"eael-simple-menu-toggle\">\n                    <span class=\"sr-only \">Hamburger Toggle Menu<\/span>\n                    <i aria-hidden=\"true\" class=\"fas fa-bars\"><\/i>                <\/button>\n            <\/div>\n            \t\t\t\t<\/div>\n\t\t\t\t<\/div>\n\t\t\t\t\t<\/div>\n\t\t<\/div>\n\t\t\t\t<div class=\"elementor-column elementor-col-50 elementor-top-column elementor-element elementor-element-0e07bc2\" data-id=\"0e07bc2\" data-element_type=\"column\" data-e-type=\"column\">\n\t\t\t<div class=\"elementor-widget-wrap elementor-element-populated\">\n\t\t\t\t\t\t<div class=\"elementor-element elementor-element-33e3d6f elementor-widget elementor-widget-heading\" data-id=\"33e3d6f\" data-element_type=\"widget\" data-e-type=\"widget\" data-widget_type=\"heading.default\">\n\t\t\t\t<div class=\"elementor-widget-container\">\n\t\t\t\t\t<h2 class=\"elementor-heading-title elementor-size-default\">Freier und Unlauterer Wettbewerb<\/h2>\t\t\t\t<\/div>\n\t\t\t\t<\/div>\n\t\t\t\t<div class=\"elementor-element elementor-element-655c1d5 elementor-widget elementor-widget-text-editor\" data-id=\"655c1d5\" data-element_type=\"widget\" data-e-type=\"widget\" data-widget_type=\"text-editor.default\">\n\t\t\t\t<div class=\"elementor-widget-container\">\n\t\t\t\t\t\t\t\t\t<p>Unsere Arbeit in diesem Bereich hat zum Ziel, unseren Kunden eine umfassende Beratung bei relevanten kartellrechtlichen Fragen zu bieten, die sich aus ihren Aktivit\u00e4ten und Transaktionen ergeben k\u00f6nnen. Wir beraten Unternehmen auf dauerhafter Basis, um sicherzustellen, dass ihre Aktivit\u00e4ten oder T\u00e4tigkeiten alle Vorschriften des Freien Wettbewerbs und dem Verbraucherschutz einhalten.<\/p>\t\t\t\t\t\t\t\t<\/div>\n\t\t\t\t<\/div>\n\t\t\t\t\t<\/div>\n\t\t<\/div>\n\t\t\t\t\t<\/div>\n\t\t<\/section>\n\t\t\t\t<\/div>\n\t\t","protected":false},"excerpt":{"rendered":"<p>Banca, Finanzas y Mercado de Capitales Construcci\u00f3n, Infraestructura e Inmobiliario Derecho Ambiental y Regulatorio Derecho Corporativo Energ\u00eda y Recursos Naturales Fusiones y Adquisiciones German Desk Laboral Libre Competencia y Competencia Desleal Litigios y Arbitrajes Reorganizaci\u00f3n e Insolvencia Tributario Freier und Unlauterer Wettbewerb Unsere Arbeit in diesem Bereich hat zum Ziel, unseren Kunden eine umfassende Beratung [&hellip;]<\/p>\n","protected":false},"author":1,"featured_media":0,"parent":13053,"menu_order":0,"comment_status":"closed","ping_status":"closed","template":"page-full-width.php","meta":{"footnotes":"","_links_to":"","_links_to_target":""},"class_list":["post-13363","page","type-page","status-publish","hentry"],"_links":{"self":[{"href":"https:\/\/alvareza.cl\/de\/wp-json\/wp\/v2\/pages\/13363","targetHints":{"allow":["GET"]}}],"collection":[{"href":"https:\/\/alvareza.cl\/de\/wp-json\/wp\/v2\/pages"}],"about":[{"href":"https:\/\/alvareza.cl\/de\/wp-json\/wp\/v2\/types\/page"}],"author":[{"embeddable":true,"href":"https:\/\/alvareza.cl\/de\/wp-json\/wp\/v2\/users\/1"}],"replies":[{"embeddable":true,"href":"https:\/\/alvareza.cl\/de\/wp-json\/wp\/v2\/comments?post=13363"}],"version-history":[{"count":4,"href":"https:\/\/alvareza.cl\/de\/wp-json\/wp\/v2\/pages\/13363\/revisions"}],"predecessor-version":[{"id":13377,"href":"https:\/\/alvareza.cl\/de\/wp-json\/wp\/v2\/pages\/13363\/revisions\/13377"}],"up":[{"embeddable":true,"href":"https:\/\/alvareza.cl\/de\/wp-json\/wp\/v2\/pages\/13053"}],"wp:attachment":[{"href":"https:\/\/alvareza.cl\/de\/wp-json\/wp\/v2\/media?parent=13363"}],"curies":[{"name":"wp","href":"https:\/\/api.w.org\/{rel}","templated":true}]}}