{"id":14822,"date":"2025-03-11T19:53:16","date_gmt":"2025-03-11T19:53:16","guid":{"rendered":"https:\/\/alvareza.cl\/?page_id=14822"},"modified":"2025-03-11T20:39:57","modified_gmt":"2025-03-11T20:39:57","slug":"blanca-oddo","status":"publish","type":"page","link":"https:\/\/alvareza.cl\/de\/unser-team\/blanca-oddo\/","title":{"rendered":"Blanca Oddo"},"content":{"rendered":"\t\t<div data-elementor-type=\"wp-page\" data-elementor-id=\"14822\" class=\"elementor elementor-14822\">\n\t\t\t\t\t\t<section class=\"elementor-section elementor-top-section elementor-element elementor-element-b550675 elementor-section-height-min-height elementor-section-content-middle elementor-section-stretched elementor-section-boxed elementor-section-height-default elementor-section-items-middle qodef-elementor-content-no\" data-id=\"b550675\" data-element_type=\"section\" data-e-type=\"section\" data-settings=\"{&quot;background_background&quot;:&quot;classic&quot;,&quot;stretch_section&quot;:&quot;section-stretched&quot;}\">\n\t\t\t\t\t\t<div class=\"elementor-container elementor-column-gap-no\">\n\t\t\t\t\t<div class=\"elementor-column elementor-col-50 elementor-top-column elementor-element elementor-element-f96f2d9 elementor-hidden-mobile\" data-id=\"f96f2d9\" data-element_type=\"column\" data-e-type=\"column\">\n\t\t\t<div class=\"elementor-widget-wrap\">\n\t\t\t\t\t\t\t<\/div>\n\t\t<\/div>\n\t\t\t\t<div class=\"elementor-column elementor-col-50 elementor-top-column elementor-element elementor-element-faf5f5c elementor-hidden-mobile\" data-id=\"faf5f5c\" data-element_type=\"column\" data-e-type=\"column\" data-settings=\"{&quot;background_background&quot;:&quot;classic&quot;}\">\n\t\t\t<div class=\"elementor-widget-wrap elementor-element-populated\">\n\t\t\t\t\t\t<div class=\"elementor-element elementor-element-daba54f elementor-widget elementor-widget-heading\" data-id=\"daba54f\" data-element_type=\"widget\" data-e-type=\"widget\" data-widget_type=\"heading.default\">\n\t\t\t\t<div class=\"elementor-widget-container\">\n\t\t\t\t\t<h2 class=\"elementor-heading-title elementor-size-default\">Blanca Oddo Beas<\/h2>\t\t\t\t<\/div>\n\t\t\t\t<\/div>\n\t\t\t\t<div class=\"elementor-element elementor-element-a94f064 elementor-widget elementor-widget-heading\" data-id=\"a94f064\" data-element_type=\"widget\" data-e-type=\"widget\" data-widget_type=\"heading.default\">\n\t\t\t\t<div class=\"elementor-widget-container\">\n\t\t\t\t\t<h2 class=\"elementor-heading-title elementor-size-default\">OF COUNSEL<\/h2>\t\t\t\t<\/div>\n\t\t\t\t<\/div>\n\t\t\t\t\t<\/div>\n\t\t<\/div>\n\t\t\t\t\t<\/div>\n\t\t<\/section>\n\t\t\t\t<section class=\"elementor-section elementor-top-section elementor-element elementor-element-4b3246b elementor-hidden-desktop elementor-hidden-tablet elementor-section-boxed elementor-section-height-default elementor-section-height-default qodef-elementor-content-no\" data-id=\"4b3246b\" data-element_type=\"section\" data-e-type=\"section\">\n\t\t\t\t\t\t<div class=\"elementor-container elementor-column-gap-default\">\n\t\t\t\t\t<div class=\"elementor-column elementor-col-100 elementor-top-column elementor-element elementor-element-a524722\" data-id=\"a524722\" data-element_type=\"column\" data-e-type=\"column\">\n\t\t\t<div class=\"elementor-widget-wrap elementor-element-populated\">\n\t\t\t\t\t\t<div class=\"elementor-element elementor-element-62fc00c elementor-widget elementor-widget-heading\" data-id=\"62fc00c\" data-element_type=\"widget\" data-e-type=\"widget\" data-widget_type=\"heading.default\">\n\t\t\t\t<div class=\"elementor-widget-container\">\n\t\t\t\t\t<h2 class=\"elementor-heading-title elementor-size-default\">Blanca Oddo Beas<\/h2>\t\t\t\t<\/div>\n\t\t\t\t<\/div>\n\t\t\t\t<div class=\"elementor-element elementor-element-e450075 elementor-widget elementor-widget-heading\" data-id=\"e450075\" data-element_type=\"widget\" data-e-type=\"widget\" data-widget_type=\"heading.default\">\n\t\t\t\t<div class=\"elementor-widget-container\">\n\t\t\t\t\t<h2 class=\"elementor-heading-title elementor-size-default\">OF COUNSEL<\/h2>\t\t\t\t<\/div>\n\t\t\t\t<\/div>\n\t\t\t\t<div class=\"elementor-element elementor-element-f28cb3f elementor-widget-divider--view-line elementor-widget elementor-widget-divider\" data-id=\"f28cb3f\" data-element_type=\"widget\" data-e-type=\"widget\" data-widget_type=\"divider.default\">\n\t\t\t\t<div class=\"elementor-widget-container\">\n\t\t\t\t\t\t\t<div class=\"elementor-divider\">\n\t\t\t<span class=\"elementor-divider-separator\">\n\t\t\t\t\t\t<\/span>\n\t\t<\/div>\n\t\t\t\t\t\t<\/div>\n\t\t\t\t<\/div>\n\t\t\t\t\t<\/div>\n\t\t<\/div>\n\t\t\t\t\t<\/div>\n\t\t<\/section>\n\t\t\t\t<section class=\"elementor-section elementor-top-section elementor-element elementor-element-93fb2d8 elementor-section-boxed elementor-section-height-default elementor-section-height-default qodef-elementor-content-no\" data-id=\"93fb2d8\" data-element_type=\"section\" data-e-type=\"section\">\n\t\t\t\t\t\t<div class=\"elementor-container elementor-column-gap-extended\">\n\t\t\t\t\t<div class=\"elementor-column elementor-col-33 elementor-top-column elementor-element elementor-element-928eeca\" data-id=\"928eeca\" data-element_type=\"column\" data-e-type=\"column\">\n\t\t\t<div class=\"elementor-widget-wrap elementor-element-populated\">\n\t\t\t\t\t\t<div class=\"elementor-element elementor-element-1bd5c32 elementor-icon-list--layout-traditional elementor-list-item-link-full_width elementor-widget elementor-widget-icon-list\" data-id=\"1bd5c32\" data-element_type=\"widget\" data-e-type=\"widget\" data-widget_type=\"icon-list.default\">\n\t\t\t\t<div class=\"elementor-widget-container\">\n\t\t\t\t\t\t\t<ul class=\"elementor-icon-list-items\">\n\t\t\t\t\t\t\t<li class=\"elementor-icon-list-item\">\n\t\t\t\t\t\t\t\t\t\t\t<a href=\"mailto:boddo@alvareza.cl\" target=\"_blank\">\n\n\t\t\t\t\t\t\t\t\t\t\t\t<span class=\"elementor-icon-list-icon\">\n\t\t\t\t\t\t\t<i aria-hidden=\"true\" class=\"far fa-envelope\"><\/i>\t\t\t\t\t\t<\/span>\n\t\t\t\t\t\t\t\t\t\t<span class=\"elementor-icon-list-text\">boddo@alvareza.cl<\/span>\n\t\t\t\t\t\t\t\t\t\t\t<\/a>\n\t\t\t\t\t\t\t\t\t<\/li>\n\t\t\t\t\t\t<\/ul>\n\t\t\t\t\t\t<\/div>\n\t\t\t\t<\/div>\n\t\t\t\t<div class=\"elementor-element elementor-element-8ea55ea elementor-hidden-mobile elementor-widget elementor-widget-qi_addons_for_elementor_button\" data-id=\"8ea55ea\" data-element_type=\"widget\" data-e-type=\"widget\" data-widget_type=\"qi_addons_for_elementor_button.default\">\n\t\t\t\t<div class=\"elementor-widget-container\">\n\t\t\t\t\t<a class=\"qodef-shortcode qodef-m qodef-qi-button qodef-html--link qodef-layout--textual qodef-icon--right qodef-hover--icon-move-horizontal-short\" href=\"https:\/\/alvareza.cl\/de\/unser-team\/\" target=\"_self\">\n\t<span class=\"qodef-m-text\">&lt; Zur\u00fcck zur Mannschaft<\/span>\n\t<\/a>\n\t\t\t\t<\/div>\n\t\t\t\t<\/div>\n\t\t\t\t<div class=\"elementor-element elementor-element-e91c347 elementor-widget-divider--view-line elementor-widget elementor-widget-divider\" data-id=\"e91c347\" data-element_type=\"widget\" data-e-type=\"widget\" data-widget_type=\"divider.default\">\n\t\t\t\t<div class=\"elementor-widget-container\">\n\t\t\t\t\t\t\t<div class=\"elementor-divider\">\n\t\t\t<span class=\"elementor-divider-separator\">\n\t\t\t\t\t\t<\/span>\n\t\t<\/div>\n\t\t\t\t\t\t<\/div>\n\t\t\t\t<\/div>\n\t\t\t\t\t<\/div>\n\t\t<\/div>\n\t\t\t\t<div class=\"elementor-column elementor-col-66 elementor-top-column elementor-element elementor-element-ef1f795\" data-id=\"ef1f795\" data-element_type=\"column\" data-e-type=\"column\">\n\t\t\t<div class=\"elementor-widget-wrap elementor-element-populated\">\n\t\t\t\t\t\t<div class=\"elementor-element elementor-element-e80e1a3 elementor-widget elementor-widget-text-editor\" data-id=\"e80e1a3\" data-element_type=\"widget\" data-e-type=\"widget\" data-widget_type=\"text-editor.default\">\n\t\t\t\t<div class=\"elementor-widget-container\">\n\t\t\t\t\t\t\t\t\t<p>Frau Oddo ist seit 2001 als Rechtsanw\u00e4ltin in Chile zugelassen. Sie ist seit \u00fcber 20 Jahren auf \u00f6ffentliches Recht, insbesondere Verwaltungsrecht und Regulierung, spezialisiert (Infrastruktur, Urbanismus, Logistik, Elektrizit\u00e4t, Telekommunikation, Bergbau und Umwelt). Sie verf\u00fcgt \u00fcber umfangreiche Erfahrung in Streitverfahren sowohl vor den chilenischen Beh\u00f6rden als auch vor den Gerichten bis hin zum obersten Gerichtshof von Chile. \u00dcberdies betreut sie im Rahmen von komplexen Transaktionen (z.B. M&amp;A und Projektfinanzierung) Fragen des \u00f6ffentlichen Rechts.\u00a0\u00a0<\/p><p>Sie studierte Rechts- und Sozialwissenschaften an der P\u00e4pstlichen Katholischen Universit\u00e4t Chile (Santiago de Chile) und schloss dieses Studium mit dem Lizenziat ab. Der Abschluss entspricht dem Ersten Staatsexamen und berechtigt zur Teilnahme am Anwaltsexamen, das Frau Oddo erfolgreich absolvierte.<\/p><p>Von 2000 bis 2005 arbeitete sie f\u00fcr die Rechtsanwaltskanzlei Philippi, Yrarr\u00e1zabal, Pulido &amp; Brunner (heute: Philippi, Pietrocarrizosa, Ferrero DU &amp; Ur\u00eda), die zu Lebzeiten von Dr. Brunner u.a. auf die Betreuung deutscher Kunden in Chile spezialisiert war. Bereits zu jener Zeit spezialisierte sie sich auf Fragen des \u00f6ffentlichen Rechts.<\/p><p>Von 2005 bis 2007 absolvierte sie ein Promotionsstudium (Aktuelle Probleme des Verwaltungsrechts) an der Universit\u00e4t Complutense in Madrid (Spanien). Im Abschluss daran arbeite sie als ausl\u00e4ndische Rechtsanw\u00e4ltin f\u00fcr die renommierte Kanzlei Ur\u00eda Men\u00e9ndez mit Sitz in Spanien, die \u00fcber ausl\u00e4ndische Standorte und internationalen Kooperation verf\u00fcgt (in Deutschland mit Hengeler M\u00fcller).<\/p><p>Nach ihrer R\u00fcckkehr nach Chile arbeitete sie zun\u00e4chst (2007 bis 2008) bei der <em>Contralor\u00eda General de la Rep\u00fablica<\/em>. Die betreffende Beh\u00f6rde ist ansatzweise mit dem Bundesrechnungshof vergleichbar, verf\u00fcgt jedoch \u00fcber deutlich st\u00e4rkere Aufsichts- und Interventionsrechte. Dort arbeitete sie in der Abteilung Urbanismus, \u00f6ffentliche Bauprojekte, Transport und Telekommunikation.\u00a0<\/p><p>Im Anschluss an diese T\u00e4tigkeit stieg sie als Partnerin in die Kanzlei\u00a0Bofill Mir Alvarez &amp; Jana\u00a0ein, wo sie von 2008 bis 2016 f\u00fcr den Bereich \u00f6ffentliches Recht und Regulierung verantwortlich war.\u00a02016 gr\u00fcndete sie als Namenspartnerin die Kanzlei\u00a0Mendoza, Oddo, Mori &amp; Aguerrea (MOMAG Abogados). Im Jahre 2023 verliess sie diese Kanzlei.\u00a0\u00a0<\/p><p>Anschlie\u00dfend kehrte sie zur\u00a0Kanzlei Alvarez\u00a0Abogados zur\u00fcck,\u00a0die durch Aufspaltung aus\u00a0Bofill Mir Alvarez &amp; Jana hervorgegangen\u00a0ist. Dort leitet sie den Bereich\u00a0\u00f6ffentliches Recht und Regulierung.\u00a0<\/p><p>Seit 2015 wird Frau Oddo regelm\u00e4\u00dfig von Chambers Latin America als f\u00fchrende Rechtsanw\u00e4ltin f\u00fcr Verwaltungsrecht und Regulierung genannt. Im Jahre 2024 erfolgte ihre Klassifikation in Band 3. Ferner wird sie von Latin Lawyer 250 als Rechtsanw\u00e4ltin f\u00fcr \u00f6ffentliches Recht empfohlen. Best Lawyers benennt sie seit 2015 als herausragende Anw\u00e4ltin f\u00fcr Rohstoffrecht.<\/p><p>Sie war sowohl f\u00fcr die P\u00e4pstliche Katholische Universit\u00e4t von Chile als auch f\u00fcr die Universit\u00e4t de Los Andes als Assistenzprofessorin t\u00e4tig. Au\u00dferdem lud sie die Universit\u00e4t von Chile als Gastprofessorin ein. In Chile und Spanien ver\u00f6ffentlichte sie Aufs\u00e4tze im Bereich ihrer Spezialisierung.<\/p><p>Sprachen: Englisch und Spanisch.<\/p>\t\t\t\t\t\t\t\t<\/div>\n\t\t\t\t<\/div>\n\t\t\t\t<div class=\"elementor-element elementor-element-447b81a elementor-hidden-desktop elementor-hidden-tablet elementor-widget elementor-widget-qi_addons_for_elementor_button\" data-id=\"447b81a\" data-element_type=\"widget\" data-e-type=\"widget\" data-widget_type=\"qi_addons_for_elementor_button.default\">\n\t\t\t\t<div class=\"elementor-widget-container\">\n\t\t\t\t\t<a class=\"qodef-shortcode qodef-m qodef-qi-button qodef-html--link qodef-layout--textual qodef-icon--right qodef-hover--icon-move-horizontal-short\" href=\"https:\/\/alvareza.cl\/de\/unser-team\/\" target=\"_self\">\n\t<span class=\"qodef-m-text\">&lt; Zur\u00fcck zur Mannschaft<\/span>\n\t<\/a>\n\t\t\t\t<\/div>\n\t\t\t\t<\/div>\n\t\t\t\t\t<\/div>\n\t\t<\/div>\n\t\t\t\t\t<\/div>\n\t\t<\/section>\n\t\t\t\t<\/div>\n\t\t","protected":false},"excerpt":{"rendered":"<p>Blanca Oddo Beas OF COUNSEL Blanca Oddo Beas OF COUNSEL boddo@alvareza.cl &lt; Zur\u00fcck zur Mannschaft Frau Oddo ist seit 2001 als Rechtsanw\u00e4ltin in Chile zugelassen. Sie ist seit \u00fcber 20 Jahren auf \u00f6ffentliches Recht, insbesondere Verwaltungsrecht und Regulierung, spezialisiert (Infrastruktur, Urbanismus, Logistik, Elektrizit\u00e4t, Telekommunikation, Bergbau und Umwelt). Sie verf\u00fcgt \u00fcber umfangreiche Erfahrung in Streitverfahren sowohl [&hellip;]<\/p>\n","protected":false},"author":1,"featured_media":14842,"parent":13051,"menu_order":0,"comment_status":"closed","ping_status":"closed","template":"page-full-width.php","meta":{"footnotes":"","_links_to":"","_links_to_target":""},"class_list":["post-14822","page","type-page","status-publish","has-post-thumbnail","hentry"],"_links":{"self":[{"href":"https:\/\/alvareza.cl\/de\/wp-json\/wp\/v2\/pages\/14822","targetHints":{"allow":["GET"]}}],"collection":[{"href":"https:\/\/alvareza.cl\/de\/wp-json\/wp\/v2\/pages"}],"about":[{"href":"https:\/\/alvareza.cl\/de\/wp-json\/wp\/v2\/types\/page"}],"author":[{"embeddable":true,"href":"https:\/\/alvareza.cl\/de\/wp-json\/wp\/v2\/users\/1"}],"replies":[{"embeddable":true,"href":"https:\/\/alvareza.cl\/de\/wp-json\/wp\/v2\/comments?post=14822"}],"version-history":[{"count":3,"href":"https:\/\/alvareza.cl\/de\/wp-json\/wp\/v2\/pages\/14822\/revisions"}],"predecessor-version":[{"id":14898,"href":"https:\/\/alvareza.cl\/de\/wp-json\/wp\/v2\/pages\/14822\/revisions\/14898"}],"up":[{"embeddable":true,"href":"https:\/\/alvareza.cl\/de\/wp-json\/wp\/v2\/pages\/13051"}],"wp:featuredmedia":[{"embeddable":true,"href":"https:\/\/alvareza.cl\/de\/wp-json\/wp\/v2\/media\/14842"}],"wp:attachment":[{"href":"https:\/\/alvareza.cl\/de\/wp-json\/wp\/v2\/media?parent=14822"}],"curies":[{"name":"wp","href":"https:\/\/api.w.org\/{rel}","templated":true}]}}