{"id":14845,"date":"2025-03-11T19:58:00","date_gmt":"2025-03-11T19:58:00","guid":{"rendered":"https:\/\/alvareza.cl\/?page_id=14845"},"modified":"2025-03-11T20:15:44","modified_gmt":"2025-03-11T20:15:44","slug":"maria-teresa-fernandez","status":"publish","type":"page","link":"https:\/\/alvareza.cl\/de\/unser-team\/maria-teresa-fernandez\/","title":{"rendered":"Mar\u00eda Teresa Fern\u00e1ndez"},"content":{"rendered":"\t\t<div data-elementor-type=\"wp-page\" data-elementor-id=\"14845\" class=\"elementor elementor-14845\">\n\t\t\t\t\t\t<section class=\"elementor-section elementor-top-section elementor-element elementor-element-b550675 elementor-section-height-min-height elementor-section-content-middle elementor-section-stretched elementor-section-boxed elementor-section-height-default elementor-section-items-middle qodef-elementor-content-no\" data-id=\"b550675\" data-element_type=\"section\" data-e-type=\"section\" data-settings=\"{&quot;background_background&quot;:&quot;classic&quot;,&quot;stretch_section&quot;:&quot;section-stretched&quot;}\">\n\t\t\t\t\t\t<div class=\"elementor-container elementor-column-gap-no\">\n\t\t\t\t\t<div class=\"elementor-column elementor-col-50 elementor-top-column elementor-element elementor-element-f96f2d9 elementor-hidden-mobile\" data-id=\"f96f2d9\" data-element_type=\"column\" data-e-type=\"column\">\n\t\t\t<div class=\"elementor-widget-wrap\">\n\t\t\t\t\t\t\t<\/div>\n\t\t<\/div>\n\t\t\t\t<div class=\"elementor-column elementor-col-50 elementor-top-column elementor-element elementor-element-faf5f5c elementor-hidden-mobile\" data-id=\"faf5f5c\" data-element_type=\"column\" data-e-type=\"column\" data-settings=\"{&quot;background_background&quot;:&quot;classic&quot;}\">\n\t\t\t<div class=\"elementor-widget-wrap elementor-element-populated\">\n\t\t\t\t\t\t<div class=\"elementor-element elementor-element-daba54f elementor-widget elementor-widget-heading\" data-id=\"daba54f\" data-element_type=\"widget\" data-e-type=\"widget\" data-widget_type=\"heading.default\">\n\t\t\t\t<div class=\"elementor-widget-container\">\n\t\t\t\t\t<h2 class=\"elementor-heading-title elementor-size-default\">Mar\u00eda Teresa Fern\u00e1ndez<\/h2>\t\t\t\t<\/div>\n\t\t\t\t<\/div>\n\t\t\t\t<div class=\"elementor-element elementor-element-a94f064 elementor-widget elementor-widget-heading\" data-id=\"a94f064\" data-element_type=\"widget\" data-e-type=\"widget\" data-widget_type=\"heading.default\">\n\t\t\t\t<div class=\"elementor-widget-container\">\n\t\t\t\t\t<h2 class=\"elementor-heading-title elementor-size-default\">COUNSEL<\/h2>\t\t\t\t<\/div>\n\t\t\t\t<\/div>\n\t\t\t\t\t<\/div>\n\t\t<\/div>\n\t\t\t\t\t<\/div>\n\t\t<\/section>\n\t\t\t\t<section class=\"elementor-section elementor-top-section elementor-element elementor-element-4b3246b elementor-hidden-desktop elementor-hidden-tablet elementor-section-boxed elementor-section-height-default elementor-section-height-default qodef-elementor-content-no\" data-id=\"4b3246b\" data-element_type=\"section\" data-e-type=\"section\">\n\t\t\t\t\t\t<div class=\"elementor-container elementor-column-gap-default\">\n\t\t\t\t\t<div class=\"elementor-column elementor-col-100 elementor-top-column elementor-element elementor-element-a524722\" data-id=\"a524722\" data-element_type=\"column\" data-e-type=\"column\">\n\t\t\t<div class=\"elementor-widget-wrap elementor-element-populated\">\n\t\t\t\t\t\t<div class=\"elementor-element elementor-element-62fc00c elementor-widget elementor-widget-heading\" data-id=\"62fc00c\" data-element_type=\"widget\" data-e-type=\"widget\" data-widget_type=\"heading.default\">\n\t\t\t\t<div class=\"elementor-widget-container\">\n\t\t\t\t\t<h2 class=\"elementor-heading-title elementor-size-default\">Mar\u00eda Teresa Fern\u00e1ndez<\/h2>\t\t\t\t<\/div>\n\t\t\t\t<\/div>\n\t\t\t\t<div class=\"elementor-element elementor-element-e450075 elementor-widget elementor-widget-heading\" data-id=\"e450075\" data-element_type=\"widget\" data-e-type=\"widget\" data-widget_type=\"heading.default\">\n\t\t\t\t<div class=\"elementor-widget-container\">\n\t\t\t\t\t<h2 class=\"elementor-heading-title elementor-size-default\">COUNSEL<\/h2>\t\t\t\t<\/div>\n\t\t\t\t<\/div>\n\t\t\t\t<div class=\"elementor-element elementor-element-f28cb3f elementor-widget-divider--view-line elementor-widget elementor-widget-divider\" data-id=\"f28cb3f\" data-element_type=\"widget\" data-e-type=\"widget\" data-widget_type=\"divider.default\">\n\t\t\t\t<div class=\"elementor-widget-container\">\n\t\t\t\t\t\t\t<div class=\"elementor-divider\">\n\t\t\t<span class=\"elementor-divider-separator\">\n\t\t\t\t\t\t<\/span>\n\t\t<\/div>\n\t\t\t\t\t\t<\/div>\n\t\t\t\t<\/div>\n\t\t\t\t\t<\/div>\n\t\t<\/div>\n\t\t\t\t\t<\/div>\n\t\t<\/section>\n\t\t\t\t<section class=\"elementor-section elementor-top-section elementor-element elementor-element-93fb2d8 elementor-section-boxed elementor-section-height-default elementor-section-height-default qodef-elementor-content-no\" data-id=\"93fb2d8\" data-element_type=\"section\" data-e-type=\"section\">\n\t\t\t\t\t\t<div class=\"elementor-container elementor-column-gap-extended\">\n\t\t\t\t\t<div class=\"elementor-column elementor-col-33 elementor-top-column elementor-element elementor-element-928eeca\" data-id=\"928eeca\" data-element_type=\"column\" data-e-type=\"column\">\n\t\t\t<div class=\"elementor-widget-wrap elementor-element-populated\">\n\t\t\t\t\t\t<div class=\"elementor-element elementor-element-1bd5c32 elementor-icon-list--layout-traditional elementor-list-item-link-full_width elementor-widget elementor-widget-icon-list\" data-id=\"1bd5c32\" data-element_type=\"widget\" data-e-type=\"widget\" data-widget_type=\"icon-list.default\">\n\t\t\t\t<div class=\"elementor-widget-container\">\n\t\t\t\t\t\t\t<ul class=\"elementor-icon-list-items\">\n\t\t\t\t\t\t\t<li class=\"elementor-icon-list-item\">\n\t\t\t\t\t\t\t\t\t\t\t<a href=\"mailto:tfernandez@alvareza.cl\" target=\"_blank\">\n\n\t\t\t\t\t\t\t\t\t\t\t\t<span class=\"elementor-icon-list-icon\">\n\t\t\t\t\t\t\t<i aria-hidden=\"true\" class=\"far fa-envelope\"><\/i>\t\t\t\t\t\t<\/span>\n\t\t\t\t\t\t\t\t\t\t<span class=\"elementor-icon-list-text\">tfernandez@alvareza.cl<\/span>\n\t\t\t\t\t\t\t\t\t\t\t<\/a>\n\t\t\t\t\t\t\t\t\t<\/li>\n\t\t\t\t\t\t<\/ul>\n\t\t\t\t\t\t<\/div>\n\t\t\t\t<\/div>\n\t\t\t\t<div class=\"elementor-element elementor-element-8ea55ea elementor-hidden-mobile elementor-widget elementor-widget-qi_addons_for_elementor_button\" data-id=\"8ea55ea\" data-element_type=\"widget\" data-e-type=\"widget\" data-widget_type=\"qi_addons_for_elementor_button.default\">\n\t\t\t\t<div class=\"elementor-widget-container\">\n\t\t\t\t\t<a class=\"qodef-shortcode qodef-m qodef-qi-button qodef-html--link qodef-layout--textual qodef-icon--right qodef-hover--icon-move-horizontal-short\" href=\"https:\/\/alvareza.cl\/de\/unser-team\/\" target=\"_self\">\n\t<span class=\"qodef-m-text\">&lt; Zur\u00fcck zur Mannschaft<\/span>\n\t<\/a>\n\t\t\t\t<\/div>\n\t\t\t\t<\/div>\n\t\t\t\t<div class=\"elementor-element elementor-element-e91c347 elementor-widget-divider--view-line elementor-widget elementor-widget-divider\" data-id=\"e91c347\" data-element_type=\"widget\" data-e-type=\"widget\" data-widget_type=\"divider.default\">\n\t\t\t\t<div class=\"elementor-widget-container\">\n\t\t\t\t\t\t\t<div class=\"elementor-divider\">\n\t\t\t<span class=\"elementor-divider-separator\">\n\t\t\t\t\t\t<\/span>\n\t\t<\/div>\n\t\t\t\t\t\t<\/div>\n\t\t\t\t<\/div>\n\t\t\t\t\t<\/div>\n\t\t<\/div>\n\t\t\t\t<div class=\"elementor-column elementor-col-66 elementor-top-column elementor-element elementor-element-ef1f795\" data-id=\"ef1f795\" data-element_type=\"column\" data-e-type=\"column\">\n\t\t\t<div class=\"elementor-widget-wrap elementor-element-populated\">\n\t\t\t\t\t\t<div class=\"elementor-element elementor-element-e80e1a3 elementor-widget elementor-widget-text-editor\" data-id=\"e80e1a3\" data-element_type=\"widget\" data-e-type=\"widget\" data-widget_type=\"text-editor.default\">\n\t\t\t\t<div class=\"elementor-widget-container\">\n\t\t\t\t\t\t\t\t\t<p>Mar\u00eda Teresa ist Anw\u00e4ltin der Pontificia Universidad Cat\u00f3lica de Chile (1997) und besitzt einen Master-Abschluss in Unternehmensrecht von der Universidad de Los Andes (2006). Au\u00dferdem absolvierte sie ein Diplom in Baurecht an der Universidad de Los Andes (1999) sowie einen Kurs in Buchhaltung und Finanzen an der Universidad Adolfo Ib\u00e1\u00f1ez (2024).<\/p><p>Im Laufe ihrer beruflichen Laufbahn hat sie sich haupts\u00e4chlich auf die private Praxis konzentriert, mit Spezialisierung auf Zivil-, Gesellschafts- und Immobilienrecht sowie auf die Beratung von Familienverm\u00f6gen und gemeinn\u00fctzigen Organisationen.<\/p><p>Mar\u00eda Teresa war Counsel im Bereich Construction &amp; Real Estate bei der Kanzlei DLA Piper Chile, wo sie Projekte zu erneuerbaren Energien, M&amp;A und Finanzierungsstrukturen leitete. Sie trug au\u00dferdem aktiv zur St\u00e4rkung der Corporate Governance und zur pro bono Rechtsberatung bei. Zuvor arbeitete sie als In-house-Anw\u00e4ltin f\u00fcr Family Offices wie Igneous und Alemana Salud sowie als assoziierte Anw\u00e4ltin in anderen renommierten chilenischen Kanzleien mit besonderem Schwerpunkt auf Steuerreorganisation, Unternehmensprozessen und Due Diligence.<\/p><p>Sprachen: Englisch und Spanisch.<\/p>\t\t\t\t\t\t\t\t<\/div>\n\t\t\t\t<\/div>\n\t\t\t\t<div class=\"elementor-element elementor-element-447b81a elementor-hidden-desktop elementor-hidden-tablet elementor-widget elementor-widget-qi_addons_for_elementor_button\" data-id=\"447b81a\" data-element_type=\"widget\" data-e-type=\"widget\" data-widget_type=\"qi_addons_for_elementor_button.default\">\n\t\t\t\t<div class=\"elementor-widget-container\">\n\t\t\t\t\t<a class=\"qodef-shortcode qodef-m qodef-qi-button qodef-html--link qodef-layout--textual qodef-icon--right qodef-hover--icon-move-horizontal-short\" href=\"https:\/\/alvareza.cl\/de\/unser-team\/\" target=\"_self\">\n\t<span class=\"qodef-m-text\">&lt; Zur\u00fcck zur Mannschaft<\/span>\n\t<\/a>\n\t\t\t\t<\/div>\n\t\t\t\t<\/div>\n\t\t\t\t\t<\/div>\n\t\t<\/div>\n\t\t\t\t\t<\/div>\n\t\t<\/section>\n\t\t\t\t<\/div>\n\t\t","protected":false},"excerpt":{"rendered":"<p>Mar\u00eda Teresa Fern\u00e1ndez COUNSEL Mar\u00eda Teresa Fern\u00e1ndez COUNSEL tfernandez@alvareza.cl &lt; Zur\u00fcck zur Mannschaft Mar\u00eda Teresa ist Anw\u00e4ltin der Pontificia Universidad Cat\u00f3lica de Chile (1997) und besitzt einen Master-Abschluss in Unternehmensrecht von der Universidad de Los Andes (2006). Au\u00dferdem absolvierte sie ein Diplom in Baurecht an der Universidad de Los Andes (1999) sowie einen Kurs in [&hellip;]<\/p>\n","protected":false},"author":1,"featured_media":14842,"parent":13051,"menu_order":0,"comment_status":"closed","ping_status":"closed","template":"page-full-width.php","meta":{"footnotes":"","_links_to":"","_links_to_target":""},"class_list":["post-14845","page","type-page","status-publish","has-post-thumbnail","hentry"],"_links":{"self":[{"href":"https:\/\/alvareza.cl\/de\/wp-json\/wp\/v2\/pages\/14845","targetHints":{"allow":["GET"]}}],"collection":[{"href":"https:\/\/alvareza.cl\/de\/wp-json\/wp\/v2\/pages"}],"about":[{"href":"https:\/\/alvareza.cl\/de\/wp-json\/wp\/v2\/types\/page"}],"author":[{"embeddable":true,"href":"https:\/\/alvareza.cl\/de\/wp-json\/wp\/v2\/users\/1"}],"replies":[{"embeddable":true,"href":"https:\/\/alvareza.cl\/de\/wp-json\/wp\/v2\/comments?post=14845"}],"version-history":[{"count":4,"href":"https:\/\/alvareza.cl\/de\/wp-json\/wp\/v2\/pages\/14845\/revisions"}],"predecessor-version":[{"id":14873,"href":"https:\/\/alvareza.cl\/de\/wp-json\/wp\/v2\/pages\/14845\/revisions\/14873"}],"up":[{"embeddable":true,"href":"https:\/\/alvareza.cl\/de\/wp-json\/wp\/v2\/pages\/13051"}],"wp:featuredmedia":[{"embeddable":true,"href":"https:\/\/alvareza.cl\/de\/wp-json\/wp\/v2\/media\/14842"}],"wp:attachment":[{"href":"https:\/\/alvareza.cl\/de\/wp-json\/wp\/v2\/media?parent=14845"}],"curies":[{"name":"wp","href":"https:\/\/api.w.org\/{rel}","templated":true}]}}