{"id":15393,"date":"2025-11-11T20:04:02","date_gmt":"2025-11-11T20:04:02","guid":{"rendered":"https:\/\/alvareza.cl\/?page_id=15393"},"modified":"2025-11-11T20:16:18","modified_gmt":"2025-11-11T20:16:18","slug":"sandra-vergara-duran","status":"publish","type":"page","link":"https:\/\/alvareza.cl\/de\/unser-team\/sandra-vergara-duran\/","title":{"rendered":"Sandra Vergara Dur\u00e1n"},"content":{"rendered":"\t\t<div data-elementor-type=\"wp-page\" data-elementor-id=\"15393\" class=\"elementor elementor-15393\">\n\t\t\t\t\t\t<section class=\"elementor-section elementor-top-section elementor-element elementor-element-2275183 elementor-section-height-min-height elementor-section-content-middle elementor-section-stretched elementor-section-boxed elementor-section-height-default elementor-section-items-middle qodef-elementor-content-no\" data-id=\"2275183\" data-element_type=\"section\" data-e-type=\"section\" data-settings=\"{&quot;background_background&quot;:&quot;classic&quot;,&quot;stretch_section&quot;:&quot;section-stretched&quot;}\">\n\t\t\t\t\t\t<div class=\"elementor-container elementor-column-gap-default\">\n\t\t\t\t\t<div class=\"elementor-column elementor-col-50 elementor-top-column elementor-element elementor-element-6c3dbe5 elementor-hidden-mobile\" data-id=\"6c3dbe5\" data-element_type=\"column\" data-e-type=\"column\">\n\t\t\t<div class=\"elementor-widget-wrap\">\n\t\t\t\t\t\t\t<\/div>\n\t\t<\/div>\n\t\t\t\t<div class=\"elementor-column elementor-col-50 elementor-top-column elementor-element elementor-element-5384343 elementor-hidden-mobile\" data-id=\"5384343\" data-element_type=\"column\" data-e-type=\"column\" data-settings=\"{&quot;background_background&quot;:&quot;classic&quot;}\">\n\t\t\t<div class=\"elementor-widget-wrap elementor-element-populated\">\n\t\t\t\t\t\t<div class=\"elementor-element elementor-element-bbf79d0 elementor-widget elementor-widget-heading\" data-id=\"bbf79d0\" data-element_type=\"widget\" data-e-type=\"widget\" data-widget_type=\"heading.default\">\n\t\t\t\t<div class=\"elementor-widget-container\">\n\t\t\t\t\t<h2 class=\"elementor-heading-title elementor-size-default\">Sandra Vergara Dur\u00e1n<\/h2>\t\t\t\t<\/div>\n\t\t\t\t<\/div>\n\t\t\t\t<div class=\"elementor-element elementor-element-cbf45a4 elementor-widget elementor-widget-heading\" data-id=\"cbf45a4\" data-element_type=\"widget\" data-e-type=\"widget\" data-widget_type=\"heading.default\">\n\t\t\t\t<div class=\"elementor-widget-container\">\n\t\t\t\t\t<h2 class=\"elementor-heading-title elementor-size-default\">Of Counsel<\/h2>\t\t\t\t<\/div>\n\t\t\t\t<\/div>\n\t\t\t\t\t<\/div>\n\t\t<\/div>\n\t\t\t\t\t<\/div>\n\t\t<\/section>\n\t\t\t\t<section class=\"elementor-section elementor-top-section elementor-element elementor-element-4b3246b elementor-hidden-desktop elementor-hidden-tablet elementor-section-boxed elementor-section-height-default elementor-section-height-default qodef-elementor-content-no\" data-id=\"4b3246b\" data-element_type=\"section\" data-e-type=\"section\">\n\t\t\t\t\t\t<div class=\"elementor-container elementor-column-gap-default\">\n\t\t\t\t\t<div class=\"elementor-column elementor-col-100 elementor-top-column elementor-element elementor-element-a524722\" data-id=\"a524722\" data-element_type=\"column\" data-e-type=\"column\">\n\t\t\t<div class=\"elementor-widget-wrap elementor-element-populated\">\n\t\t\t\t\t\t<div class=\"elementor-element elementor-element-62fc00c elementor-widget elementor-widget-heading\" data-id=\"62fc00c\" data-element_type=\"widget\" data-e-type=\"widget\" data-widget_type=\"heading.default\">\n\t\t\t\t<div class=\"elementor-widget-container\">\n\t\t\t\t\t<h2 class=\"elementor-heading-title elementor-size-default\">Sandra Vergara Dur\u00e1n<\/h2>\t\t\t\t<\/div>\n\t\t\t\t<\/div>\n\t\t\t\t<div class=\"elementor-element elementor-element-e450075 elementor-widget elementor-widget-heading\" data-id=\"e450075\" data-element_type=\"widget\" data-e-type=\"widget\" data-widget_type=\"heading.default\">\n\t\t\t\t<div class=\"elementor-widget-container\">\n\t\t\t\t\t<h2 class=\"elementor-heading-title elementor-size-default\">Of Counsel<\/h2>\t\t\t\t<\/div>\n\t\t\t\t<\/div>\n\t\t\t\t<div class=\"elementor-element elementor-element-f28cb3f elementor-widget-divider--view-line elementor-widget elementor-widget-divider\" data-id=\"f28cb3f\" data-element_type=\"widget\" data-e-type=\"widget\" data-widget_type=\"divider.default\">\n\t\t\t\t<div class=\"elementor-widget-container\">\n\t\t\t\t\t\t\t<div class=\"elementor-divider\">\n\t\t\t<span class=\"elementor-divider-separator\">\n\t\t\t\t\t\t<\/span>\n\t\t<\/div>\n\t\t\t\t\t\t<\/div>\n\t\t\t\t<\/div>\n\t\t\t\t\t<\/div>\n\t\t<\/div>\n\t\t\t\t\t<\/div>\n\t\t<\/section>\n\t\t\t\t<section class=\"elementor-section elementor-top-section elementor-element elementor-element-93fb2d8 elementor-section-boxed elementor-section-height-default elementor-section-height-default qodef-elementor-content-no\" data-id=\"93fb2d8\" data-element_type=\"section\" data-e-type=\"section\">\n\t\t\t\t\t\t<div class=\"elementor-container elementor-column-gap-extended\">\n\t\t\t\t\t<div class=\"elementor-column elementor-col-33 elementor-top-column elementor-element elementor-element-928eeca\" data-id=\"928eeca\" data-element_type=\"column\" data-e-type=\"column\">\n\t\t\t<div class=\"elementor-widget-wrap elementor-element-populated\">\n\t\t\t\t\t\t<div class=\"elementor-element elementor-element-ad39f00 elementor-icon-list--layout-traditional elementor-list-item-link-full_width elementor-widget elementor-widget-icon-list\" data-id=\"ad39f00\" data-element_type=\"widget\" data-e-type=\"widget\" data-widget_type=\"icon-list.default\">\n\t\t\t\t<div class=\"elementor-widget-container\">\n\t\t\t\t\t\t\t<ul class=\"elementor-icon-list-items\">\n\t\t\t\t\t\t\t<li class=\"elementor-icon-list-item\">\n\t\t\t\t\t\t\t\t\t\t\t<a href=\"mailto:svergara@alvareza.cl\" target=\"_blank\">\n\n\t\t\t\t\t\t\t\t\t\t\t\t<span class=\"elementor-icon-list-icon\">\n\t\t\t\t\t\t\t<i aria-hidden=\"true\" class=\"far fa-envelope\"><\/i>\t\t\t\t\t\t<\/span>\n\t\t\t\t\t\t\t\t\t\t<span class=\"elementor-icon-list-text\">svergara@alvareza.cl<\/span>\n\t\t\t\t\t\t\t\t\t\t\t<\/a>\n\t\t\t\t\t\t\t\t\t<\/li>\n\t\t\t\t\t\t<\/ul>\n\t\t\t\t\t\t<\/div>\n\t\t\t\t<\/div>\n\t\t\t\t<div class=\"elementor-element elementor-element-e91c347 elementor-widget-divider--view-line elementor-widget elementor-widget-divider\" data-id=\"e91c347\" data-element_type=\"widget\" data-e-type=\"widget\" data-widget_type=\"divider.default\">\n\t\t\t\t<div class=\"elementor-widget-container\">\n\t\t\t\t\t\t\t<div class=\"elementor-divider\">\n\t\t\t<span class=\"elementor-divider-separator\">\n\t\t\t\t\t\t<\/span>\n\t\t<\/div>\n\t\t\t\t\t\t<\/div>\n\t\t\t\t<\/div>\n\t\t\t\t<div class=\"elementor-element elementor-element-c9980b9 elementor-hidden-mobile elementor-widget elementor-widget-qi_addons_for_elementor_button\" data-id=\"c9980b9\" data-element_type=\"widget\" data-e-type=\"widget\" data-widget_type=\"qi_addons_for_elementor_button.default\">\n\t\t\t\t<div class=\"elementor-widget-container\">\n\t\t\t\t\t<a class=\"qodef-shortcode qodef-m qodef-qi-button qodef-html--link qodef-layout--textual qodef-icon--right qodef-hover--icon-move-horizontal-short\" href=\"https:\/\/alvareza.cl\/de\/unser-team\/\" target=\"_self\">\n\t<span class=\"qodef-m-text\">&lt; Zur\u00fcck zur Mannschaft<\/span>\n\t<\/a>\n\t\t\t\t<\/div>\n\t\t\t\t<\/div>\n\t\t\t\t\t<\/div>\n\t\t<\/div>\n\t\t\t\t<div class=\"elementor-column elementor-col-66 elementor-top-column elementor-element elementor-element-ef1f795\" data-id=\"ef1f795\" data-element_type=\"column\" data-e-type=\"column\">\n\t\t\t<div class=\"elementor-widget-wrap elementor-element-populated\">\n\t\t\t\t\t\t<div class=\"elementor-element elementor-element-e80e1a3 elementor-widget elementor-widget-text-editor\" data-id=\"e80e1a3\" data-element_type=\"widget\" data-e-type=\"widget\" data-widget_type=\"text-editor.default\">\n\t\t\t\t<div class=\"elementor-widget-container\">\n\t\t\t\t\t\t\t\t\t<p>Sandra verf\u00fcgt \u00fcber mehr als 25 Jahre Erfahrung in den Bereichen Interne Revision, Risikomanagement und Compliance. Sie ist Wirtschaftspr\u00fcferin und hat einen Bachelor-Abschluss in Wirtschaftspr\u00fcfung von der Universit\u00e4t Talca. Zudem besitzt sie einen Master-Abschluss in Finanzmanagement von der Universit\u00e4t Adolfo Ib\u00e1\u00f1ez. Dar\u00fcber hinaus hat sie ein Diplom in Corporate Governance von der P\u00e4pstlichen Katholischen Universit\u00e4t von Chile sowie ein Diplom in Finanzinvestitionsmanagement von der Universit\u00e4t Adolfo Ib\u00e1\u00f1ez erworben.<\/p><p>\u00a0<\/p><p>Im Jahr 2024 erhielt sie das Abschlusszertifikat des Board of Women Senior Management Programms, das von der Organisation Mujeres Empresarias durchgef\u00fchrt wurde. Sie ist Assistenzprofessorin f\u00fcr Corporate Governance im Masterstudiengang Finanzmanagement an der Universit\u00e4t Adolfo Ib\u00e1\u00f1ez und ordentliche Professorin f\u00fcr Corporate Governance und Unternehmensverantwortung an der Universit\u00e4t Talca.<\/p>\t\t\t\t\t\t\t\t<\/div>\n\t\t\t\t<\/div>\n\t\t\t\t<div class=\"elementor-element elementor-element-3efde81 elementor-hidden-desktop elementor-hidden-tablet elementor-widget elementor-widget-qi_addons_for_elementor_button\" data-id=\"3efde81\" data-element_type=\"widget\" data-e-type=\"widget\" data-widget_type=\"qi_addons_for_elementor_button.default\">\n\t\t\t\t<div class=\"elementor-widget-container\">\n\t\t\t\t\t<a class=\"qodef-shortcode qodef-m qodef-qi-button qodef-html--link qodef-layout--textual qodef-icon--right qodef-hover--icon-move-horizontal-short\" href=\"https:\/\/alvareza.cl\/de\/unser-team\/\" target=\"_self\">\n\t<span class=\"qodef-m-text\">&lt; Zur\u00fcck zur Mannschaft<\/span>\n\t<\/a>\n\t\t\t\t<\/div>\n\t\t\t\t<\/div>\n\t\t\t\t\t<\/div>\n\t\t<\/div>\n\t\t\t\t\t<\/div>\n\t\t<\/section>\n\t\t\t\t<\/div>\n\t\t","protected":false},"excerpt":{"rendered":"<p>Sandra Vergara Dur\u00e1n Of Counsel Sandra Vergara Dur\u00e1n Of Counsel svergara@alvareza.cl &lt; Zur\u00fcck zur Mannschaft Sandra verf\u00fcgt \u00fcber mehr als 25 Jahre Erfahrung in den Bereichen Interne Revision, Risikomanagement und Compliance. Sie ist Wirtschaftspr\u00fcferin und hat einen Bachelor-Abschluss in Wirtschaftspr\u00fcfung von der Universit\u00e4t Talca. Zudem besitzt sie einen Master-Abschluss in Finanzmanagement von der Universit\u00e4t Adolfo [&hellip;]<\/p>\n","protected":false},"author":1,"featured_media":0,"parent":13051,"menu_order":0,"comment_status":"closed","ping_status":"closed","template":"page-full-width.php","meta":{"footnotes":"","_links_to":"","_links_to_target":""},"class_list":["post-15393","page","type-page","status-publish","hentry"],"_links":{"self":[{"href":"https:\/\/alvareza.cl\/de\/wp-json\/wp\/v2\/pages\/15393","targetHints":{"allow":["GET"]}}],"collection":[{"href":"https:\/\/alvareza.cl\/de\/wp-json\/wp\/v2\/pages"}],"about":[{"href":"https:\/\/alvareza.cl\/de\/wp-json\/wp\/v2\/types\/page"}],"author":[{"embeddable":true,"href":"https:\/\/alvareza.cl\/de\/wp-json\/wp\/v2\/users\/1"}],"replies":[{"embeddable":true,"href":"https:\/\/alvareza.cl\/de\/wp-json\/wp\/v2\/comments?post=15393"}],"version-history":[{"count":4,"href":"https:\/\/alvareza.cl\/de\/wp-json\/wp\/v2\/pages\/15393\/revisions"}],"predecessor-version":[{"id":15431,"href":"https:\/\/alvareza.cl\/de\/wp-json\/wp\/v2\/pages\/15393\/revisions\/15431"}],"up":[{"embeddable":true,"href":"https:\/\/alvareza.cl\/de\/wp-json\/wp\/v2\/pages\/13051"}],"wp:attachment":[{"href":"https:\/\/alvareza.cl\/de\/wp-json\/wp\/v2\/media?parent=15393"}],"curies":[{"name":"wp","href":"https:\/\/api.w.org\/{rel}","templated":true}]}}