{"id":11874,"date":"2022-10-07T19:04:44","date_gmt":"2022-10-07T19:04:44","guid":{"rendered":"https:\/\/alvareza.cl\/practice-areas\/german-desk\/"},"modified":"2023-03-08T11:47:16","modified_gmt":"2023-03-08T11:47:16","slug":"german-desk","status":"publish","type":"page","link":"https:\/\/alvareza.cl\/en\/practice-areas\/german-desk\/","title":{"rendered":"German Desk"},"content":{"rendered":"\t\t<div data-elementor-type=\"wp-page\" data-elementor-id=\"11874\" class=\"elementor elementor-11874\">\n\t\t\t\t\t\t<section class=\"elementor-section elementor-top-section elementor-element elementor-element-90f930f elementor-section-boxed elementor-section-height-default elementor-section-height-default qodef-elementor-content-no\" data-id=\"90f930f\" data-element_type=\"section\" data-e-type=\"section\">\n\t\t\t\t\t\t<div class=\"elementor-container elementor-column-gap-default\">\n\t\t\t\t\t<div class=\"elementor-column elementor-col-50 elementor-top-column elementor-element elementor-element-bc5dd88 elementor-hidden-mobile\" data-id=\"bc5dd88\" data-element_type=\"column\" data-e-type=\"column\">\n\t\t\t<div class=\"elementor-widget-wrap elementor-element-populated\">\n\t\t\t\t\t\t<div class=\"elementor-element elementor-element-39aa5eb eael_simple_menu_hamburger_disable_selected_menu_no eael-simple-menu-hamburger-align-right eael-hamburger--tablet elementor-widget elementor-widget-eael-simple-menu\" data-id=\"39aa5eb\" data-element_type=\"widget\" data-e-type=\"widget\" data-widget_type=\"eael-simple-menu.default\">\n\t\t\t\t<div class=\"elementor-widget-container\">\n\t\t\t\t\t<style>\n                        @media screen and (max-width: 1024px) {\n                            .eael-hamburger--tablet {\n                                .eael-simple-menu-horizontal,\n                                .eael-simple-menu-vertical {\n                                    display: none;\n                                }\n                            }\n                            .eael-hamburger--tablet {\n                                .eael-simple-menu-container .eael-simple-menu-toggle {\n                                    display: block;\n                                }\n                            }\n                        }\n                        .eael-simple-menu-container.eael-simple-menu--loading > ul {\n                            display: -webkit-box !important;\n                            display: -ms-flexbox !important;\n                            display: flex !important;\n                            list-style: none !important;\n                        }\n                        .eael-simple-menu-container.eael-simple-menu--loading li ul {\n                            visibility: hidden !important;\n                            opacity: 0 !important;\n                        }\n                    <\/style>            <div data-hamburger-icon=\"&lt;i aria-hidden=&quot;true&quot; class=&quot;fas fa-bars&quot;&gt;&lt;\/i&gt;\" data-indicator-icon=\"\" data-dropdown-indicator-icon=\"&lt;i class=&quot;fas fa-angle-down&quot;&gt;&lt;\/i&gt;\" class=\"eael-simple-menu-container eael-simple-menu--loading eael-simple-menu-align-left eael-simple-menu-dropdown-align-left preset-2\" data-hamburger-breakpoints=\"{&quot;mobile&quot;:&quot;Mobile Portrait (&gt; 767px)&quot;,&quot;tablet&quot;:&quot;Tablet Portrait (&gt; 1024px)&quot;,&quot;desktop&quot;:&quot;Desktop (&gt; 2400px)&quot;,&quot;none&quot;:&quot;None&quot;}\" data-hamburger-device=\"tablet\">\n                <ul id=\"menu-practice-areas\" class=\"eael-simple-menu eael-simple-menu-dropdown-animate-to-top eael-simple-menu-indicator eael-simple-menu-vertical\"><li id=\"menu-item-14946\" class=\"menu-item menu-item-type-post_type menu-item-object-page menu-item-14946\"><a href=\"https:\/\/alvareza.cl\/en\/practice-areas\/antitrust-and-competition\/\">Antitrust and Competition<\/a><\/li>\n<li id=\"menu-item-12051\" class=\"menu-item menu-item-type-post_type menu-item-object-page menu-item-12051\"><a href=\"https:\/\/alvareza.cl\/en\/practice-areas\/banking-finance-and-capital-markets\/\">Banking, Finance and Capital Markets<\/a><\/li>\n<li id=\"menu-item-14947\" class=\"menu-item menu-item-type-post_type menu-item-object-page menu-item-14947\"><a href=\"https:\/\/alvareza.cl\/en\/practice-areas\/compliance\/\">Compliance<\/a><\/li>\n<li id=\"menu-item-12052\" class=\"menu-item menu-item-type-post_type menu-item-object-page menu-item-12052\"><a href=\"https:\/\/alvareza.cl\/en\/practice-areas\/construction-infrastructure-and-real-estate\/\">Construction, Infrastructure and Real Estate<\/a><\/li>\n<li id=\"menu-item-12053\" class=\"menu-item menu-item-type-post_type menu-item-object-page menu-item-12053\"><a href=\"https:\/\/alvareza.cl\/en\/practice-areas\/corporate-law\/\">Corporate Law<\/a><\/li>\n<li id=\"menu-item-12054\" class=\"menu-item menu-item-type-post_type menu-item-object-page menu-item-12054\"><a href=\"https:\/\/alvareza.cl\/en\/practice-areas\/energy-and-natural-resources\/\">Energy and Natural Resources<\/a><\/li>\n<li id=\"menu-item-12056\" class=\"menu-item menu-item-type-post_type menu-item-object-page menu-item-12056\"><a href=\"https:\/\/alvareza.cl\/en\/practice-areas\/german-desk\/\">German Desk<\/a><\/li>\n<li id=\"menu-item-12060\" class=\"menu-item menu-item-type-post_type menu-item-object-page menu-item-12060\"><a href=\"https:\/\/alvareza.cl\/en\/practice-areas\/insolvency-and-reorganization\/\">Insolvency and Reorganization<\/a><\/li>\n<li id=\"menu-item-12057\" class=\"menu-item menu-item-type-post_type menu-item-object-page menu-item-12057\"><a href=\"https:\/\/alvareza.cl\/en\/practice-areas\/labor\/\">Labor<\/a><\/li>\n<li id=\"menu-item-12058\" class=\"menu-item menu-item-type-post_type menu-item-object-page menu-item-12058\"><a href=\"https:\/\/alvareza.cl\/en\/practice-areas\/litigation-and-arbitration\/\">Litigation and Arbitration<\/a><\/li>\n<li id=\"menu-item-12059\" class=\"menu-item menu-item-type-post_type menu-item-object-page menu-item-12059\"><a href=\"https:\/\/alvareza.cl\/en\/practice-areas\/mergers-and-acquisitions\/\">Mergers and Acquisitions<\/a><\/li>\n<li id=\"menu-item-12055\" class=\"menu-item menu-item-type-post_type menu-item-object-page menu-item-12055\"><a href=\"https:\/\/alvareza.cl\/en\/practice-areas\/regulatory-and-environmental-law\/\">Regulatory and Environmental Law<\/a><\/li>\n<li id=\"menu-item-13400\" class=\"menu-item menu-item-type-post_type menu-item-object-page menu-item-13400\"><a href=\"https:\/\/alvareza.cl\/en\/practice-areas\/tax-2\/\">Tax<\/a><\/li>\n<li id=\"menu-item-13401\" class=\"menu-item menu-item-type-post_type menu-item-object-page menu-item-13401\"><a href=\"https:\/\/alvareza.cl\/en\/practice-areas\/unfair-competition-and-antitrust-2\/\">Unfair Competition and Antitrust<\/a><\/li>\n<\/ul>                <button class=\"eael-simple-menu-toggle\">\n                    <span class=\"sr-only \">Hamburger Toggle Menu<\/span>\n                    <i aria-hidden=\"true\" class=\"fas fa-bars\"><\/i>                <\/button>\n            <\/div>\n            \t\t\t\t<\/div>\n\t\t\t\t<\/div>\n\t\t\t\t\t<\/div>\n\t\t<\/div>\n\t\t\t\t<div class=\"elementor-column elementor-col-50 elementor-top-column elementor-element elementor-element-0e07bc2\" data-id=\"0e07bc2\" data-element_type=\"column\" data-e-type=\"column\">\n\t\t\t<div class=\"elementor-widget-wrap elementor-element-populated\">\n\t\t\t\t\t\t<div class=\"elementor-element elementor-element-33e3d6f elementor-widget elementor-widget-heading\" data-id=\"33e3d6f\" data-element_type=\"widget\" data-e-type=\"widget\" data-widget_type=\"heading.default\">\n\t\t\t\t<div class=\"elementor-widget-container\">\n\t\t\t\t\t<h2 class=\"elementor-heading-title elementor-size-default\">German Desk<\/h2>\t\t\t\t<\/div>\n\t\t\t\t<\/div>\n\t\t\t\t<div class=\"elementor-element elementor-element-655c1d5 elementor-widget elementor-widget-text-editor\" data-id=\"655c1d5\" data-element_type=\"widget\" data-e-type=\"widget\" data-widget_type=\"text-editor.default\">\n\t\t\t\t<div class=\"elementor-widget-container\">\n\t\t\t\t\t\t\t\t\t<p>AAA has an outstanding practice with more than 25 years of experience providing legal advice to various companies and clients of German origin. We are committed to provide a personalized service, which consists of understanding and channeling their requirements, opening opportunities to develop their business in our country and throughout Latin America.<\/p><p>The area is led by partner Alejandro \u00c1lvarez, lawyer from Universidad de Chile (1987), LL.M. University of W\u00fbrzburg, Germany (1992) and Ph. D. University of G\u00f4ttingen, Germany (1995). Alejandro has extensive experience in advising German clients in Chile, having also chaired the Chilean-German Chamber of Commerce AG (2008-2010).<\/p>\t\t\t\t\t\t\t\t<\/div>\n\t\t\t\t<\/div>\n\t\t\t\t\t<\/div>\n\t\t<\/div>\n\t\t\t\t\t<\/div>\n\t\t<\/section>\n\t\t\t\t<\/div>\n\t\t","protected":false},"excerpt":{"rendered":"<p>Banking, Finance and Capital Markets Construction, Infrastructure and Real Estate Corporate Law Energy and Natural Resources German Desk Insolvency and Reorganization Labor Litigation and Arbitration Mergers and Acquisitions Regulatory and Environmental Law Tax Unfair Competition and Antitrust German Desk AAA has an outstanding practice with more than 25 years of experience providing legal advice to [&hellip;]<\/p>\n","protected":false},"author":1,"featured_media":0,"parent":11820,"menu_order":0,"comment_status":"closed","ping_status":"closed","template":"page-full-width.php","meta":{"footnotes":"","_links_to":"","_links_to_target":""},"class_list":["post-11874","page","type-page","status-publish","hentry"],"_links":{"self":[{"href":"https:\/\/alvareza.cl\/en\/wp-json\/wp\/v2\/pages\/11874","targetHints":{"allow":["GET"]}}],"collection":[{"href":"https:\/\/alvareza.cl\/en\/wp-json\/wp\/v2\/pages"}],"about":[{"href":"https:\/\/alvareza.cl\/en\/wp-json\/wp\/v2\/types\/page"}],"author":[{"embeddable":true,"href":"https:\/\/alvareza.cl\/en\/wp-json\/wp\/v2\/users\/1"}],"replies":[{"embeddable":true,"href":"https:\/\/alvareza.cl\/en\/wp-json\/wp\/v2\/comments?post=11874"}],"version-history":[{"count":8,"href":"https:\/\/alvareza.cl\/en\/wp-json\/wp\/v2\/pages\/11874\/revisions"}],"predecessor-version":[{"id":13212,"href":"https:\/\/alvareza.cl\/en\/wp-json\/wp\/v2\/pages\/11874\/revisions\/13212"}],"up":[{"embeddable":true,"href":"https:\/\/alvareza.cl\/en\/wp-json\/wp\/v2\/pages\/11820"}],"wp:attachment":[{"href":"https:\/\/alvareza.cl\/en\/wp-json\/wp\/v2\/media?parent=11874"}],"curies":[{"name":"wp","href":"https:\/\/api.w.org\/{rel}","templated":true}]}}